{"id":2,"date":"2018-10-08T03:07:31","date_gmt":"2018-10-08T03:07:31","guid":{"rendered":"http:\/\/www.peanut-butter-machine.com\/?page_id=2"},"modified":"2026-04-24T11:10:55","modified_gmt":"2026-04-24T03:10:55","slug":"about-us","status":"publish","type":"page","link":"https:\/\/www.peanut-butter-machine.com\/vi\/about-us","title":{"rendered":"v\u1ec1 ch\u00fang t\u00f4i"},"content":{"rendered":"<div data-elementor-type=\"wp-page\" data-elementor-id=\"2\" class=\"elementor elementor-2\" data-elementor-post-type=\"page\"> \t\t\t\t<div class=\"elementor-element elementor-element-2ce48ca e-con-full e-flex e-con e-parent\" data-id=\"2ce48ca\" data-element_type=\"container\" data-e-type=\"container\" data-settings=\"{&quot;background_background&quot;:&quot;classic&quot;}\"> \t\t\t\t<\/div> \t\t<div class=\"elementor-element elementor-element-148e417 e-flex e-con-boxed e-con e-parent\" data-id=\"148e417\" data-element_type=\"container\" data-e-type=\"container\"> \t\t\t\t\t<div class=\"e-con-inner\"> \t\t\t\t<div class=\"elementor-element elementor-element-6eaf77e elementor-widget elementor-widget-text-editor\" data-id=\"6eaf77e\" data-element_type=\"widget\" data-e-type=\"widget\" data-widget_type=\"text-editor.default\"> \t\t\t\t\t\t\t\t\t<h2>V\u1ecb tr\u00ed c\u00f4ng ty ch\u00fang t\u00f4i<\/h2><p>C\u00f4ng ty TNHH M\u00e1y m\u00f3c Taizy Zhengzhou l\u00e0 m\u1ed9t doanh nghi\u1ec7p n\u1ed5i ti\u1ebfng t\u00edch h\u1ee3p nghi\u00ean c\u1ee9u khoa h\u1ecdc, ph\u00e1t tri\u1ec3n, thi\u1ebft k\u1ebf, s\u1ea3n xu\u1ea5t v\u00e0 b\u00e1n h\u00e0ng. N\u1eb1m trong Khu ph\u00e1t tri\u1ec3n kinh t\u1ebf v\u00e0 c\u00f4ng ngh\u1ec7 Zhengzhou, trung t\u00e2m th\u01b0\u01a1ng m\u1ea1i v\u00e0 kinh t\u1ebf, ch\u1ee7 y\u1ebfu ho\u1ea1t \u0111\u1ed9ng trong l\u0129nh v\u1ef1c nh\u1eadp kh\u1ea9u v\u00e0 xu\u1ea5t kh\u1ea9u thi\u1ebft b\u1ecb c\u01a1 kh\u00ed. C\u00f4ng ty c\u00f3 h\u01a1n 300 nh\u00e2n vi\u00ean, t\u1ea5t c\u1ea3 \u0111\u1ec1u c\u00f3 \u0111\u1ed9ng l\u1ef1c l\u00e0m vi\u1ec7c nh\u01b0 m\u1ed9t gia \u0111\u00ecnh.<\/p><p>D\u00f2ng s\u1ea3n ph\u1ea9m c\u1ed1t l\u00f5i c\u1ee7a ch\u00fang t\u00f4i bao g\u1ed3m to\u00e0n b\u1ed9 d\u00e2y chuy\u1ec1n s\u1ea3n xu\u1ea5t b\u01a1 \u0111\u1eadu ph\u1ed9ng v\u00e0 thi\u1ebft b\u1ecb h\u1ed7 tr\u1ee3:<\/p><ol><li>M\u00e1y t\u00e1ch v\u1ecf \u0111\u1eadu ph\u1ed9ng, b\u00f3c v\u1ecf, rang v\u00e0 l\u00e0m m\u00e1t<\/li><li>M\u00e1y nghi\u1ec1n colloid c\u00f4ng nghi\u1ec7p &amp; m\u00e1y xay b\u01a1 \u0111\u1eadu ph\u1ed9ng<\/li><li>M\u00e1y tr\u1ed9n n\u1ea5u quay, b\u1ec3 tr\u1ed9n v\u00e0 m\u00e1y tho\u00e1t kh\u00ed ch\u00e2n kh\u00f4ng<\/li><li>M\u00e1y c\u00e2n, \u0111\u1ed5 \u0111\u1ea7y t\u1ef1 \u0111\u1ed9ng v\u00e0 \u0111\u00f3ng g\u00f3i ch\u00e2n kh\u00f4ng<\/li><li>D\u00e2y chuy\u1ec1n s\u1ea3n xu\u1ea5t b\u01a1 \u0111\u1eadu ph\u1ed9ng tr\u1ecdn g\u00f3i t\u00f9y ch\u1ec9nh (c\u00f4ng su\u1ea5t 100\u2013500kg\/h)<\/li><\/ol>\t\t\t\t\t\t\t\t<\/div> \t\t\t\t\t<\/div> \t\t\t\t<\/div> \t\t<div class=\"elementor-element elementor-element-fc79291 e-flex e-con-boxed e-con e-parent\" data-id=\"fc79291\" data-element_type=\"container\" data-e-type=\"container\"> \t\t\t\t\t<div class=\"e-con-inner\"> \t\t<div class=\"elementor-element elementor-element-e00195f e-con-full e-flex e-con e-child\" data-id=\"e00195f\" data-element_type=\"container\" data-e-type=\"container\"> \t\t\t\t<div class=\"elementor-element elementor-element-5a68df7 elementor-widget elementor-widget-image\" data-id=\"5a68df7\" data-element_type=\"widget\" data-e-type=\"widget\" data-widget_type=\"image.default\"> \t\t\t\t\t\t\t\t\t\t\t\t\t\t\t<img fetchpriority=\"high\" decoding=\"async\" width=\"720\" height=\"540\" src=\"https:\/\/www.peanut-butter-machine.com\/wp-content\/uploads\/2021\/11\/Peanut-Butter-Production-factory.webp\" class=\"attachment-large size-large wp-image-11702\" alt=\"Nh\u00e0 m\u00e1y s\u1ea3n xu\u1ea5t b\u01a1 \u0111\u1eadu ph\u1ed9ng\" srcset=\"https:\/\/www.peanut-butter-machine.com\/wp-content\/uploads\/2021\/11\/Peanut-Butter-Production-factory.webp 720w, https:\/\/www.peanut-butter-machine.com\/wp-content\/uploads\/2021\/11\/Peanut-Butter-Production-factory-300x225.webp 300w, https:\/\/www.peanut-butter-machine.com\/wp-content\/uploads\/2021\/11\/Peanut-Butter-Production-factory-16x12.webp 16w\" sizes=\"(max-width: 720px) 100vw, 720px\" \/>\t\t\t\t\t\t\t\t\t\t\t\t\t\t\t<\/div> \t\t\t\t<\/div> \t\t<div class=\"elementor-element elementor-element-f68e985 e-con-full e-flex e-con e-child\" data-id=\"f68e985\" data-element_type=\"container\" data-e-type=\"container\"> \t\t\t\t<div class=\"elementor-element elementor-element-7138982 elementor-widget elementor-widget-image\" data-id=\"7138982\" data-element_type=\"widget\" data-e-type=\"widget\" data-widget_type=\"image.default\"> \t\t\t\t\t\t\t\t\t\t\t\t\t\t\t<img decoding=\"async\" width=\"720\" height=\"540\" src=\"https:\/\/www.peanut-butter-machine.com\/wp-content\/uploads\/2021\/08\/Cocoa-Paste-Production-Line.webp\" class=\"attachment-large size-large wp-image-11751\" alt=\"D\u00e2y chuy\u1ec1n s\u1ea3n xu\u1ea5t b\u01a1 \u0111\u1eadu ph\u1ed9ng\" srcset=\"https:\/\/www.peanut-butter-machine.com\/wp-content\/uploads\/2021\/08\/Cocoa-Paste-Production-Line.webp 720w, https:\/\/www.peanut-butter-machine.com\/wp-content\/uploads\/2021\/08\/Cocoa-Paste-Production-Line-300x225.webp 300w, https:\/\/www.peanut-butter-machine.com\/wp-content\/uploads\/2021\/08\/Cocoa-Paste-Production-Line-16x12.webp 16w\" sizes=\"(max-width: 720px) 100vw, 720px\" \/>\t\t\t\t\t\t\t\t\t\t\t\t\t\t\t<\/div> \t\t\t\t<\/div> \t\t\t\t\t<\/div> \t\t\t\t<\/div> \t\t<div class=\"elementor-element elementor-element-b1c4f1b e-flex e-con-boxed e-con e-parent\" data-id=\"b1c4f1b\" data-element_type=\"container\" data-e-type=\"container\"> \t\t\t\t\t<div class=\"e-con-inner\"> \t\t\t\t<div class=\"elementor-element elementor-element-f967477 elementor-widget elementor-widget-text-editor\" data-id=\"f967477\" data-element_type=\"widget\" data-e-type=\"widget\" data-widget_type=\"text-editor.default\"> \t\t\t\t\t\t\t\t\t<h2>D\u1ecbch v\u1ee5 t\u00f9y ch\u1ec9nh<\/h2><p>Ch\u00fang t\u00f4i hi\u1ec3u r\u1eb1ng c\u00e1c kh\u00e1ch h\u00e0ng kh\u00e1c nhau c\u00f3 n\u0103ng l\u1ef1c s\u1ea3n xu\u1ea5t, lo\u1ea1i nguy\u00ean li\u1ec7u v\u00e0 \u0111i\u1ec1u ki\u1ec7n nh\u00e0 m\u00e1y kh\u00e1c nhau. V\u00ec v\u1eady, ch\u00fang t\u00f4i cung c\u1ea5p c\u00e1c gi\u1ea3i ph\u00e1p t\u00f9y ch\u1ec9nh ph\u00f9 h\u1ee3p v\u1edbi nhu c\u1ea7u c\u1ee7a b\u1ea1n. \u0110\u1ed9i ng\u0169 c\u1ee7a ch\u00fang t\u00f4i s\u1ebd li\u00ean h\u1ec7 v\u1edbi b\u1ea1n \u0111\u1ec3 thi\u1ebft k\u1ebf m\u00e1y ph\u00f9 h\u1ee3p nh\u1ea5t ho\u1eb7c d\u00e2y chuy\u1ec1n s\u1ea3n xu\u1ea5t ho\u00e0n ch\u1ec9nh, gi\u00fap b\u1ea1n n\u00e2ng cao hi\u1ec7u qu\u1ea3, gi\u1ea3m chi ph\u00ed v\u00e0 \u0111\u1ea1t ti\u00eau chu\u1ea9n s\u1ea3n xu\u1ea5t.<\/p>\t\t\t\t\t\t\t\t<\/div> \t\t\t\t\t<\/div> \t\t\t\t<\/div> \t\t<div class=\"elementor-element elementor-element-7709bfa e-flex e-con-boxed e-con e-parent\" data-id=\"7709bfa\" data-element_type=\"container\" data-e-type=\"container\"> \t\t\t\t\t<div class=\"e-con-inner\"> \t\t<div class=\"elementor-element elementor-element-56d7b83 e-con-full e-flex e-con e-child\" data-id=\"56d7b83\" data-element_type=\"container\" data-e-type=\"container\"> \t\t\t\t<div class=\"elementor-element elementor-element-36a6750 elementor-widget elementor-widget-image\" data-id=\"36a6750\" data-element_type=\"widget\" data-e-type=\"widget\" data-widget_type=\"image.default\"> \t\t\t\t\t\t\t\t\t\t\t\t\t\t\t<img decoding=\"async\" width=\"720\" height=\"540\" src=\"https:\/\/www.peanut-butter-machine.com\/wp-content\/uploads\/2021\/09\/Automatic-peanut-brittle-machine-1.webp\" class=\"attachment-large size-large wp-image-12034\" alt=\"M\u00e1y l\u00e0m k\u1eb9o \u0111\u1eadu ph\u1ed9ng t\u1ef1 \u0111\u1ed9ng\" srcset=\"https:\/\/www.peanut-butter-machine.com\/wp-content\/uploads\/2021\/09\/Automatic-peanut-brittle-machine-1.webp 720w, https:\/\/www.peanut-butter-machine.com\/wp-content\/uploads\/2021\/09\/Automatic-peanut-brittle-machine-1-300x225.webp 300w, https:\/\/www.peanut-butter-machine.com\/wp-content\/uploads\/2021\/09\/Automatic-peanut-brittle-machine-1-16x12.webp 16w\" sizes=\"(max-width: 720px) 100vw, 720px\" \/>\t\t\t\t\t\t\t\t\t\t\t\t\t\t\t<\/div> \t\t\t\t<\/div> \t\t<div class=\"elementor-element elementor-element-09f5dc1 e-con-full e-flex e-con e-child\" data-id=\"09f5dc1\" data-element_type=\"container\" data-e-type=\"container\"> \t\t\t\t<div class=\"elementor-element elementor-element-1bfeeb4 elementor-widget elementor-widget-image\" data-id=\"1bfeeb4\" data-element_type=\"widget\" data-e-type=\"widget\" data-widget_type=\"image.default\"> \t\t\t\t\t\t\t\t\t\t\t\t\t\t\t<img loading=\"lazy\" decoding=\"async\" width=\"720\" height=\"540\" src=\"https:\/\/www.peanut-butter-machine.com\/wp-content\/uploads\/2021\/09\/peanut-candy-production-line.webp\" class=\"attachment-large size-large wp-image-12035\" alt=\"d\u00e2y chuy\u1ec1n s\u1ea3n xu\u1ea5t k\u1eb9o \u0111\u1eadu ph\u1ed9ng\" srcset=\"https:\/\/www.peanut-butter-machine.com\/wp-content\/uploads\/2021\/09\/peanut-candy-production-line.webp 720w, https:\/\/www.peanut-butter-machine.com\/wp-content\/uploads\/2021\/09\/peanut-candy-production-line-300x225.webp 300w, https:\/\/www.peanut-butter-machine.com\/wp-content\/uploads\/2021\/09\/peanut-candy-production-line-16x12.webp 16w\" sizes=\"(max-width: 720px) 100vw, 720px\" \/>\t\t\t\t\t\t\t\t\t\t\t\t\t\t\t<\/div> \t\t\t\t<\/div> \t\t\t\t\t<\/div> \t\t\t\t<\/div> \t\t<div class=\"elementor-element elementor-element-c9849d2 e-flex e-con-boxed e-con e-parent\" data-id=\"c9849d2\" data-element_type=\"container\" data-e-type=\"container\"> \t\t\t\t\t<div class=\"e-con-inner\"> \t\t\t\t<div class=\"elementor-element elementor-element-ff41570 elementor-widget elementor-widget-text-editor\" data-id=\"ff41570\" data-element_type=\"widget\" data-e-type=\"widget\" data-widget_type=\"text-editor.default\"> \t\t\t\t\t\t\t\t\t<h2>\u0110\u1ea3m b\u1ea3o ch\u1ea5t l\u01b0\u1ee3ng<\/h2><p>Ch\u1ea5t l\u01b0\u1ee3ng l\u00e0 \u01b0u ti\u00ean h\u00e0ng \u0111\u1ea7u c\u1ee7a ch\u00fang t\u00f4i. Ch\u00fang t\u00f4i th\u1ef1c hi\u1ec7n ki\u1ec3m so\u00e1t ch\u1ea5t l\u01b0\u1ee3ng nghi\u00eam ng\u1eb7t t\u1eeb vi\u1ec7c l\u1ef1a ch\u1ecdn nguy\u00ean li\u1ec7u, x\u1eed l\u00fd, l\u1eafp r\u00e1p, th\u1eed nghi\u1ec7m \u0111\u1ebfn giao h\u00e0ng. M\u1ecdi m\u00e1y m\u00f3c \u0111\u1ec1u \u0111\u01b0\u1ee3c ki\u1ec3m tra v\u00e0 th\u1eed nghi\u1ec7m tr\u01b0\u1edbc khi v\u1eadn chuy\u1ec3n \u0111\u1ec3 \u0111\u1ea3m b\u1ea3o hi\u1ec7u su\u1ea5t \u1ed5n \u0111\u1ecbnh, an to\u00e0n v\u00e0 tu\u1ed5i th\u1ecd l\u00e2u d\u00e0i. Ch\u00fang t\u00f4i c\u0169ng c\u00f3 c\u00e1c ch\u1ee9ng nh\u1eadn qu\u1ed1c t\u1ebf, nh\u01b0 CE, \u0111\u1ec3 cung c\u1ea5p cho kh\u00e1ch h\u00e0ng thi\u1ebft b\u1ecb an to\u00e0n v\u00e0 \u0111\u00e1ng tin c\u1eady.<\/p>\t\t\t\t\t\t\t\t<\/div> \t\t\t\t\t<\/div> \t\t\t\t<\/div> \t\t<div class=\"elementor-element elementor-element-8ffb62b e-flex e-con-boxed e-con e-parent\" data-id=\"8ffb62b\" data-element_type=\"container\" data-e-type=\"container\"> \t\t\t\t\t<div class=\"e-con-inner\"> \t\t<div class=\"elementor-element elementor-element-db5f0b6 e-con-full e-flex e-con e-child\" data-id=\"db5f0b6\" data-element_type=\"container\" data-e-type=\"container\"> \t\t\t\t<div class=\"elementor-element elementor-element-e276863 elementor-widget elementor-widget-image\" data-id=\"e276863\" data-element_type=\"widget\" data-e-type=\"widget\" data-widget_type=\"image.default\"> \t\t\t\t\t\t\t\t\t\t\t\t\t\t\t<img loading=\"lazy\" decoding=\"async\" width=\"720\" height=\"540\" src=\"https:\/\/www.peanut-butter-machine.com\/wp-content\/uploads\/2026\/03\/peanut-butter-filling-equipment.webp\" class=\"attachment-large size-large wp-image-12247\" alt=\"Thi\u1ebft b\u1ecb \u0111\u00f3ng g\u00f3i b\u01a1 \u0111\u1eadu ph\u1ed9ng\" srcset=\"https:\/\/www.peanut-butter-machine.com\/wp-content\/uploads\/2026\/03\/peanut-butter-filling-equipment.webp 720w, https:\/\/www.peanut-butter-machine.com\/wp-content\/uploads\/2026\/03\/peanut-butter-filling-equipment-300x225.webp 300w, https:\/\/www.peanut-butter-machine.com\/wp-content\/uploads\/2026\/03\/peanut-butter-filling-equipment-16x12.webp 16w\" sizes=\"(max-width: 720px) 100vw, 720px\" \/>\t\t\t\t\t\t\t\t\t\t\t\t\t\t\t<\/div> \t\t\t\t<\/div> \t\t<div class=\"elementor-element elementor-element-a893855 e-con-full e-flex e-con e-child\" data-id=\"a893855\" data-element_type=\"container\" data-e-type=\"container\"> \t\t\t\t<div class=\"elementor-element elementor-element-3d3efb3 elementor-widget elementor-widget-image\" data-id=\"3d3efb3\" data-element_type=\"widget\" data-e-type=\"widget\" data-widget_type=\"image.default\"> \t\t\t\t\t\t\t\t\t\t\t\t\t\t\t<img loading=\"lazy\" decoding=\"async\" width=\"720\" height=\"540\" src=\"https:\/\/www.peanut-butter-machine.com\/wp-content\/uploads\/2026\/02\/Almond-Sorting-Machine.webp\" class=\"attachment-large size-large wp-image-12225\" alt=\"M\u00e1y ph\u00e2n lo\u1ea1i h\u1ea1nh nh\u00e2n\" srcset=\"https:\/\/www.peanut-butter-machine.com\/wp-content\/uploads\/2026\/02\/Almond-Sorting-Machine.webp 720w, https:\/\/www.peanut-butter-machine.com\/wp-content\/uploads\/2026\/02\/Almond-Sorting-Machine-300x225.webp 300w, https:\/\/www.peanut-butter-machine.com\/wp-content\/uploads\/2026\/02\/Almond-Sorting-Machine-16x12.webp 16w\" sizes=\"(max-width: 720px) 100vw, 720px\" \/>\t\t\t\t\t\t\t\t\t\t\t\t\t\t\t<\/div> \t\t\t\t<\/div> \t\t\t\t\t<\/div> \t\t\t\t<\/div> \t\t<div class=\"elementor-element elementor-element-2ad4879 e-flex e-con-boxed e-con e-parent\" data-id=\"2ad4879\" data-element_type=\"container\" data-e-type=\"container\"> \t\t\t\t\t<div class=\"e-con-inner\"> \t\t\t\t<div class=\"elementor-element elementor-element-8e59ff1 elementor-widget elementor-widget-text-editor\" data-id=\"8e59ff1\" data-element_type=\"widget\" data-e-type=\"widget\" data-widget_type=\"text-editor.default\"> \t\t\t\t\t\t\t\t\t<h2>H\u1ed7 tr\u1ee3 kh\u00e1ch h\u00e0ng<\/h2><p>Ch\u00fang t\u00f4i cam k\u1ebft cung c\u1ea5p d\u1ecbch v\u1ee5 h\u1ed7 tr\u1ee3 kh\u00e1ch h\u00e0ng to\u00e0n di\u1ec7n v\u00e0 chuy\u00ean nghi\u1ec7p. \u0110\u1ed9i ng\u0169 d\u1ecbch v\u1ee5 c\u1ee7a ch\u00fang t\u00f4i s\u1eb5n s\u00e0ng 24 gi\u1edd m\u1ed7i ng\u00e0y \u0111\u1ec3 tr\u1ea3 l\u1eddi c\u00e1c c\u00e2u h\u1ecfi, cung c\u1ea5p h\u01b0\u1edbng d\u1eabn k\u1ef9 thu\u1eadt v\u00e0 \u0111\u01b0a ra c\u00e1c gi\u1ea3i ph\u00e1p h\u1eadu m\u00e3i k\u1ecbp th\u1eddi. Ch\u00fang t\u00f4i h\u1ed7 tr\u1ee3 h\u01b0\u1edbng d\u1eabn qua video tr\u1ef1c tuy\u1ebfn, l\u1eafp \u0111\u1eb7t t\u1ea1i ch\u1ed7, v\u1eadn h\u00e0nh v\u00e0 \u0111\u00e0o t\u1ea1o v\u1eadn h\u00e0nh \u0111\u1ec3 \u0111\u1ea3m b\u1ea3o qu\u00e1 tr\u00ecnh s\u1ea3n xu\u1ea5t c\u1ee7a b\u1ea1n di\u1ec5n ra su\u00f4n s\u1ebb.<\/p>\t\t\t\t\t\t\t\t<\/div> \t\t\t\t\t<\/div> \t\t\t\t<\/div> \t\t<div class=\"elementor-element elementor-element-67f5c23 e-flex e-con-boxed e-con e-parent\" data-id=\"67f5c23\" data-element_type=\"container\" data-e-type=\"container\"> \t\t\t\t\t<div class=\"e-con-inner\"> \t\t<div class=\"elementor-element elementor-element-9beb5a9 e-con-full e-flex e-con e-child\" data-id=\"9beb5a9\" data-element_type=\"container\" data-e-type=\"container\"> \t\t\t\t<div class=\"elementor-element elementor-element-d759293 elementor-widget elementor-widget-image\" data-id=\"d759293\" data-element_type=\"widget\" data-e-type=\"widget\" data-widget_type=\"image.default\"> \t\t\t\t\t\t\t\t\t\t\t\t\t\t\t<img loading=\"lazy\" decoding=\"async\" width=\"720\" height=\"540\" src=\"https:\/\/www.peanut-butter-machine.com\/wp-content\/uploads\/2026\/04\/Sierra-Leone-Client-Visit.webp\" class=\"attachment-large size-large wp-image-12276\" alt=\"Th\u0103m kh\u00e1ch h\u00e0ng Sierra Leone\" srcset=\"https:\/\/www.peanut-butter-machine.com\/wp-content\/uploads\/2026\/04\/Sierra-Leone-Client-Visit.webp 720w, https:\/\/www.peanut-butter-machine.com\/wp-content\/uploads\/2026\/04\/Sierra-Leone-Client-Visit-300x225.webp 300w, https:\/\/www.peanut-butter-machine.com\/wp-content\/uploads\/2026\/04\/Sierra-Leone-Client-Visit-16x12.webp 16w\" sizes=\"(max-width: 720px) 100vw, 720px\" \/>\t\t\t\t\t\t\t\t\t\t\t\t\t\t\t<\/div> \t\t\t\t<\/div> \t\t<div class=\"elementor-element elementor-element-5380f63 e-con-full e-flex e-con e-child\" data-id=\"5380f63\" data-element_type=\"container\" data-e-type=\"container\"> \t\t\t\t<div class=\"elementor-element elementor-element-8866994 elementor-widget elementor-widget-image\" data-id=\"8866994\" data-element_type=\"widget\" data-e-type=\"widget\" data-widget_type=\"image.default\"> \t\t\t\t\t\t\t\t\t\t\t\t\t\t\t<img loading=\"lazy\" decoding=\"async\" width=\"720\" height=\"540\" src=\"https:\/\/www.peanut-butter-machine.com\/wp-content\/uploads\/2026\/04\/Russia-Feed-Production-Line.webp\" class=\"attachment-large size-large wp-image-12290\" alt=\"D\u00e2y chuy\u1ec1n s\u1ea3n xu\u1ea5t th\u1ee9c \u0103n cho Nga\" srcset=\"https:\/\/www.peanut-butter-machine.com\/wp-content\/uploads\/2026\/04\/Russia-Feed-Production-Line.webp 720w, https:\/\/www.peanut-butter-machine.com\/wp-content\/uploads\/2026\/04\/Russia-Feed-Production-Line-300x225.webp 300w, https:\/\/www.peanut-butter-machine.com\/wp-content\/uploads\/2026\/04\/Russia-Feed-Production-Line-16x12.webp 16w\" sizes=\"(max-width: 720px) 100vw, 720px\" \/>\t\t\t\t\t\t\t\t\t\t\t\t\t\t\t<\/div> \t\t\t\t<\/div> \t\t\t\t\t<\/div> \t\t\t\t<\/div> \t\t<div class=\"elementor-element elementor-element-a110638 e-flex e-con-boxed e-con e-parent\" data-id=\"a110638\" data-element_type=\"container\" data-e-type=\"container\"> \t\t\t\t\t<div class=\"e-con-inner\"> \t\t\t\t<div class=\"elementor-element elementor-element-0411f3e elementor-widget elementor-widget-text-editor\" data-id=\"0411f3e\" data-element_type=\"widget\" data-e-type=\"widget\" data-widget_type=\"text-editor.default\"> \t\t\t\t\t\t\t\t\t<h2>T\u1ea1i sao ch\u1ecdn Taizy?<\/h2><p>Khi n\u00f3i \u0111\u1ebfn m\u00e1y l\u00e0m b\u01a1 \u0111\u1eadu ph\u1ed9ng v\u00e0 thi\u1ebft b\u1ecb x\u1eed l\u00fd h\u1ea1t, h\u00e3y ch\u1ecdn Taizy Machinery l\u00e0m \u0111\u1ed1i t\u00e1c \u0111\u00e1ng tin c\u1eady c\u1ee7a b\u1ea1n. V\u1edbi c\u00f4ng ngh\u1ec7 chuy\u00ean nghi\u1ec7p, d\u00f2ng s\u1ea3n ph\u1ea9m ho\u00e0n ch\u1ec9nh, d\u1ecbch v\u1ee5 t\u00f9y ch\u1ec9nh, \u0111\u1ea3m b\u1ea3o ch\u1ea5t l\u01b0\u1ee3ng nghi\u00eam ng\u1eb7t v\u00e0 h\u1ed7 tr\u1ee3 kh\u00e1ch h\u00e0ng chu \u0111\u00e1o, ch\u00fang t\u00f4i s\u1eb5n s\u00e0ng gi\u00fap b\u1ea1n n\u00e2ng cao hi\u1ec7u qu\u1ea3 s\u1ea3n xu\u1ea5t v\u00e0 t\u1ed1i \u0111a h\u00f3a l\u1ee3i \u00edch kinh doanh.<\/p><p>Li\u00ean h\u1ec7 v\u1edbi ch\u00fang t\u00f4i h\u00f4m nay \u0111\u1ec3 th\u1ea3o lu\u1eadn v\u1ec1 y\u00eau c\u1ea7u x\u1eed l\u00fd b\u01a1 \u0111\u1eadu ph\u1ed9ng v\u00e0 h\u1ea1t c\u1ee7a b\u1ea1n v\u00e0 \u0111\u1ec3 ch\u00fang t\u00f4i cung c\u1ea5p gi\u1ea3i ph\u00e1p ph\u00f9 h\u1ee3p nh\u1ea5t.<\/p>\t\t\t\t\t\t\t\t<\/div> \t\t\t\t\t<\/div> \t\t\t\t<\/div> \t\t<div class=\"elementor-element elementor-element-2a652aa e-flex e-con-boxed e-con e-parent\" data-id=\"2a652aa\" data-element_type=\"container\" data-e-type=\"container\"> \t\t\t\t\t<div class=\"e-con-inner\"> \t\t<div class=\"elementor-element elementor-element-bbacf12 e-con-full e-flex e-con e-child\" data-id=\"bbacf12\" data-element_type=\"container\" data-e-type=\"container\"> \t\t\t\t<div class=\"elementor-element elementor-element-01df23a elementor-widget elementor-widget-image\" data-id=\"01df23a\" data-element_type=\"widget\" data-e-type=\"widget\" data-widget_type=\"image.default\"> \t\t\t\t\t\t\t\t\t\t\t\t\t\t\t<img loading=\"lazy\" decoding=\"async\" width=\"720\" height=\"540\" src=\"https:\/\/www.peanut-butter-machine.com\/wp-content\/uploads\/2026\/04\/Zimbabwe-Machine-Container-Loading.webp\" class=\"attachment-large size-large wp-image-12282\" alt=\"T\u1ea3i container m\u00e1y Zimbabwe\" srcset=\"https:\/\/www.peanut-butter-machine.com\/wp-content\/uploads\/2026\/04\/Zimbabwe-Machine-Container-Loading.webp 720w, https:\/\/www.peanut-butter-machine.com\/wp-content\/uploads\/2026\/04\/Zimbabwe-Machine-Container-Loading-300x225.webp 300w, https:\/\/www.peanut-butter-machine.com\/wp-content\/uploads\/2026\/04\/Zimbabwe-Machine-Container-Loading-16x12.webp 16w\" sizes=\"(max-width: 720px) 100vw, 720px\" \/>\t\t\t\t\t\t\t\t\t\t\t\t\t\t\t<\/div> \t\t\t\t<\/div> \t\t<div class=\"elementor-element elementor-element-350a16c e-con-full e-flex e-con e-child\" data-id=\"350a16c\" data-element_type=\"container\" data-e-type=\"container\"> \t\t\t\t<div class=\"elementor-element elementor-element-209bbbf elementor-widget elementor-widget-image\" data-id=\"209bbbf\" data-element_type=\"widget\" data-e-type=\"widget\" data-widget_type=\"image.default\"> \t\t\t\t\t\t\t\t\t\t\t\t\t\t\t<img loading=\"lazy\" decoding=\"async\" width=\"720\" height=\"540\" src=\"https:\/\/www.peanut-butter-machine.com\/wp-content\/uploads\/2026\/04\/South-Africa-Charcoal-Machine.webp\" class=\"attachment-large size-large wp-image-12277\" alt=\"M\u00e1y than \u1edf Nam Phi\" srcset=\"https:\/\/www.peanut-butter-machine.com\/wp-content\/uploads\/2026\/04\/South-Africa-Charcoal-Machine.webp 720w, https:\/\/www.peanut-butter-machine.com\/wp-content\/uploads\/2026\/04\/South-Africa-Charcoal-Machine-300x225.webp 300w, https:\/\/www.peanut-butter-machine.com\/wp-content\/uploads\/2026\/04\/South-Africa-Charcoal-Machine-16x12.webp 16w\" sizes=\"(max-width: 720px) 100vw, 720px\" \/>\t\t\t\t\t\t\t\t\t\t\t\t\t\t\t<\/div> \t\t\t\t<\/div> \t\t\t\t\t<\/div> \t\t\t\t<\/div> \t\t\t\t<\/div>","protected":false},"excerpt":{"rendered":"<p>Our Company Location Zhengzhou Taizy Machinery Co., Ltd. is a well-known enterprise that integrates scientific research, development, design, manufacturing, and sales. It is located in the Zhengzhou Economic and Technological Development Zone, a commercial and economic center, and mainly engages in the import and export of mechanical equipment. It is empowered by more than 300 [&hellip;]<\/p>\n","protected":false},"author":1,"featured_media":0,"parent":0,"menu_order":0,"comment_status":"open","ping_status":"open","template":"elementor_header_footer","meta":{"footnotes":""},"class_list":["post-2","page","type-page","status-publish","hentry"],"_links":{"self":[{"href":"https:\/\/www.peanut-butter-machine.com\/vi\/wp-json\/wp\/v2\/pages\/2","targetHints":{"allow":["GET"]}}],"collection":[{"href":"https:\/\/www.peanut-butter-machine.com\/vi\/wp-json\/wp\/v2\/pages"}],"about":[{"href":"https:\/\/www.peanut-butter-machine.com\/vi\/wp-json\/wp\/v2\/types\/page"}],"author":[{"embeddable":true,"href":"https:\/\/www.peanut-butter-machine.com\/vi\/wp-json\/wp\/v2\/users\/1"}],"replies":[{"embeddable":true,"href":"https:\/\/www.peanut-butter-machine.com\/vi\/wp-json\/wp\/v2\/comments?post=2"}],"version-history":[{"count":12,"href":"https:\/\/www.peanut-butter-machine.com\/vi\/wp-json\/wp\/v2\/pages\/2\/revisions"}],"predecessor-version":[{"id":12296,"href":"https:\/\/www.peanut-butter-machine.com\/vi\/wp-json\/wp\/v2\/pages\/2\/revisions\/12296"}],"wp:attachment":[{"href":"https:\/\/www.peanut-butter-machine.com\/vi\/wp-json\/wp\/v2\/media?parent=2"}],"curies":[{"name":"wp","href":"https:\/\/api.w.org\/{rel}","templated":true}]}}