{"id":2,"date":"2018-10-08T03:07:31","date_gmt":"2018-10-08T03:07:31","guid":{"rendered":"http:\/\/www.peanut-butter-machine.com\/?page_id=2"},"modified":"2026-04-24T11:10:55","modified_gmt":"2026-04-24T03:10:55","slug":"about-us","status":"publish","type":"page","link":"https:\/\/www.peanut-butter-machine.com\/tr\/about-us","title":{"rendered":"hakk\u0131m\u0131zda"},"content":{"rendered":"<div data-elementor-type=\"wp-page\" data-elementor-id=\"2\" class=\"elementor elementor-2\" data-elementor-post-type=\"page\"> \t\t\t\t<div class=\"elementor-element elementor-element-2ce48ca e-con-full e-flex e-con e-parent\" data-id=\"2ce48ca\" data-element_type=\"container\" data-e-type=\"container\" data-settings=\"{&quot;background_background&quot;:&quot;classic&quot;}\"> \t\t\t\t<\/div> \t\t<div class=\"elementor-element elementor-element-148e417 e-flex e-con-boxed e-con e-parent\" data-id=\"148e417\" data-element_type=\"container\" data-e-type=\"container\"> \t\t\t\t\t<div class=\"e-con-inner\"> \t\t\t\t<div class=\"elementor-element elementor-element-6eaf77e elementor-widget elementor-widget-text-editor\" data-id=\"6eaf77e\" data-element_type=\"widget\" data-e-type=\"widget\" data-widget_type=\"text-editor.default\"> \t\t\t\t\t\t\t\t\t<h2>\u015eirketimizin Konumu<\/h2><p>Zhengzhou Taizy Machinery Co., Ltd. bilimsel ara\u015ft\u0131rma, geli\u015ftirme, tasar\u0131m, \u00fcretim ve sat\u0131\u015flar\u0131 entegre eden tan\u0131nm\u0131\u015f bir kurulu\u015ftur. Zhengzhou Ekonomik ve Teknolojik Geli\u015fim B\u00f6lgesi'nde, ticari ve ekonomik bir merkezde yer almakta olup, esas olarak makine ekipmanlar\u0131n\u0131n ithalat ve ihracat\u0131yla ilgilenmektedir. 300'den fazla \u00e7al\u0131\u015fan\u0131 taraf\u0131ndan g\u00fc\u00e7lendirilmi\u015ftir, hepsi \u00e7al\u0131\u015fma sevincinden motive olmaktad\u0131r.<\/p><p>\u00c7ekirdek \u00fcr\u00fcn yelpazemiz, tam f\u0131st\u0131k ezmesi \u00fcretim hatt\u0131n\u0131 ve destek ekipmanlar\u0131n\u0131 kapsamaktad\u0131r:<\/p><ol><li>F\u0131st\u0131k kabu\u011fu ay\u0131klama, soyma, kavurma ve so\u011futma makineleri<\/li><li>End\u00fcstriyel kolloid de\u011firmenleri ve f\u0131st\u0131k ezmesi \u00f6\u011f\u00fct\u00fcc\u00fcleri<\/li><li>Planetary pi\u015firme kar\u0131\u015ft\u0131r\u0131c\u0131lar, kar\u0131\u015ft\u0131rma tanklar\u0131 ve vakum gaz \u00e7\u0131kartma makineleri<\/li><li>Otomatik tart\u0131m, doldurma ve vakum paketleme makineleri<\/li><li>\u00d6zel anahtar teslim f\u0131st\u0131k ezmesi \u00fcretim hatlar\u0131 (100\u2013500kg\/saat kapasite)<\/li><\/ol>\t\t\t\t\t\t\t\t<\/div> \t\t\t\t\t<\/div> \t\t\t\t<\/div> \t\t<div class=\"elementor-element elementor-element-fc79291 e-flex e-con-boxed e-con e-parent\" data-id=\"fc79291\" data-element_type=\"container\" data-e-type=\"container\"> \t\t\t\t\t<div class=\"e-con-inner\"> \t\t<div class=\"elementor-element elementor-element-e00195f e-con-full e-flex e-con e-child\" data-id=\"e00195f\" data-element_type=\"container\" data-e-type=\"container\"> \t\t\t\t<div class=\"elementor-element elementor-element-5a68df7 elementor-widget elementor-widget-image\" data-id=\"5a68df7\" data-element_type=\"widget\" data-e-type=\"widget\" data-widget_type=\"image.default\"> \t\t\t\t\t\t\t\t\t\t\t\t\t\t\t<img fetchpriority=\"high\" decoding=\"async\" width=\"720\" height=\"540\" src=\"https:\/\/www.peanut-butter-machine.com\/wp-content\/uploads\/2021\/11\/Peanut-Butter-Production-factory.webp\" class=\"attachment-large size-large wp-image-11702\" alt=\"F\u0131st\u0131k Ezmesi \u00dcretim Fabrikas\u0131\" srcset=\"https:\/\/www.peanut-butter-machine.com\/wp-content\/uploads\/2021\/11\/Peanut-Butter-Production-factory.webp 720w, https:\/\/www.peanut-butter-machine.com\/wp-content\/uploads\/2021\/11\/Peanut-Butter-Production-factory-300x225.webp 300w, https:\/\/www.peanut-butter-machine.com\/wp-content\/uploads\/2021\/11\/Peanut-Butter-Production-factory-16x12.webp 16w\" sizes=\"(max-width: 720px) 100vw, 720px\" \/>\t\t\t\t\t\t\t\t\t\t\t\t\t\t\t<\/div> \t\t\t\t<\/div> \t\t<div class=\"elementor-element elementor-element-f68e985 e-con-full e-flex e-con e-child\" data-id=\"f68e985\" data-element_type=\"container\" data-e-type=\"container\"> \t\t\t\t<div class=\"elementor-element elementor-element-7138982 elementor-widget elementor-widget-image\" data-id=\"7138982\" data-element_type=\"widget\" data-e-type=\"widget\" data-widget_type=\"image.default\"> \t\t\t\t\t\t\t\t\t\t\t\t\t\t\t<img decoding=\"async\" width=\"720\" height=\"540\" src=\"https:\/\/www.peanut-butter-machine.com\/wp-content\/uploads\/2021\/08\/Cocoa-Paste-Production-Line.webp\" class=\"attachment-large size-large wp-image-11751\" alt=\"F\u0131st\u0131k Ezmesi \u00dcretim Hatt\u0131\" srcset=\"https:\/\/www.peanut-butter-machine.com\/wp-content\/uploads\/2021\/08\/Cocoa-Paste-Production-Line.webp 720w, https:\/\/www.peanut-butter-machine.com\/wp-content\/uploads\/2021\/08\/Cocoa-Paste-Production-Line-300x225.webp 300w, https:\/\/www.peanut-butter-machine.com\/wp-content\/uploads\/2021\/08\/Cocoa-Paste-Production-Line-16x12.webp 16w\" sizes=\"(max-width: 720px) 100vw, 720px\" \/>\t\t\t\t\t\t\t\t\t\t\t\t\t\t\t<\/div> \t\t\t\t<\/div> \t\t\t\t\t<\/div> \t\t\t\t<\/div> \t\t<div class=\"elementor-element elementor-element-b1c4f1b e-flex e-con-boxed e-con e-parent\" data-id=\"b1c4f1b\" data-element_type=\"container\" data-e-type=\"container\"> \t\t\t\t\t<div class=\"e-con-inner\"> \t\t\t\t<div class=\"elementor-element elementor-element-f967477 elementor-widget elementor-widget-text-editor\" data-id=\"f967477\" data-element_type=\"widget\" data-e-type=\"widget\" data-widget_type=\"text-editor.default\"> \t\t\t\t\t\t\t\t\t<h2>\u00d6zelle\u015ftirme Hizmetleri<\/h2><p>Farkl\u0131 m\u00fc\u015fterilerin farkl\u0131 \u00fcretim kapasiteleri, hammadde t\u00fcrleri ve fabrika ko\u015fullar\u0131 oldu\u011funu anl\u0131yoruz. Bu nedenle, ihtiya\u00e7lar\u0131n\u0131za uygun \u00f6zelle\u015ftirilmi\u015f \u00e7\u00f6z\u00fcmler sunuyoruz. Ekibimiz, en uygun makineyi veya tam \u00fcretim hatt\u0131n\u0131 tasarlamak i\u00e7in sizinle ileti\u015fim kuracak, b\u00f6ylece verimlili\u011fi art\u0131rman\u0131za, maliyetleri d\u00fc\u015f\u00fcrmenize ve standartla\u015ft\u0131r\u0131lm\u0131\u015f \u00fcretim ger\u00e7ekle\u015ftirmenize yard\u0131mc\u0131 olacakt\u0131r.<\/p>\t\t\t\t\t\t\t\t<\/div> \t\t\t\t\t<\/div> \t\t\t\t<\/div> \t\t<div class=\"elementor-element elementor-element-7709bfa e-flex e-con-boxed e-con e-parent\" data-id=\"7709bfa\" data-element_type=\"container\" data-e-type=\"container\"> \t\t\t\t\t<div class=\"e-con-inner\"> \t\t<div class=\"elementor-element elementor-element-56d7b83 e-con-full e-flex e-con e-child\" data-id=\"56d7b83\" data-element_type=\"container\" data-e-type=\"container\"> \t\t\t\t<div class=\"elementor-element elementor-element-36a6750 elementor-widget elementor-widget-image\" data-id=\"36a6750\" data-element_type=\"widget\" data-e-type=\"widget\" data-widget_type=\"image.default\"> \t\t\t\t\t\t\t\t\t\t\t\t\t\t\t<img decoding=\"async\" width=\"720\" height=\"540\" src=\"https:\/\/www.peanut-butter-machine.com\/wp-content\/uploads\/2021\/09\/Automatic-peanut-brittle-machine-1.webp\" class=\"attachment-large size-large wp-image-12034\" alt=\"Otomatik f\u0131st\u0131k k\u0131r\u0131\u011f\u0131 makinesi\" srcset=\"https:\/\/www.peanut-butter-machine.com\/wp-content\/uploads\/2021\/09\/Automatic-peanut-brittle-machine-1.webp 720w, https:\/\/www.peanut-butter-machine.com\/wp-content\/uploads\/2021\/09\/Automatic-peanut-brittle-machine-1-300x225.webp 300w, https:\/\/www.peanut-butter-machine.com\/wp-content\/uploads\/2021\/09\/Automatic-peanut-brittle-machine-1-16x12.webp 16w\" sizes=\"(max-width: 720px) 100vw, 720px\" \/>\t\t\t\t\t\t\t\t\t\t\t\t\t\t\t<\/div> \t\t\t\t<\/div> \t\t<div class=\"elementor-element elementor-element-09f5dc1 e-con-full e-flex e-con e-child\" data-id=\"09f5dc1\" data-element_type=\"container\" data-e-type=\"container\"> \t\t\t\t<div class=\"elementor-element elementor-element-1bfeeb4 elementor-widget elementor-widget-image\" data-id=\"1bfeeb4\" data-element_type=\"widget\" data-e-type=\"widget\" data-widget_type=\"image.default\"> \t\t\t\t\t\t\t\t\t\t\t\t\t\t\t<img loading=\"lazy\" decoding=\"async\" width=\"720\" height=\"540\" src=\"https:\/\/www.peanut-butter-machine.com\/wp-content\/uploads\/2021\/09\/peanut-candy-production-line.webp\" class=\"attachment-large size-large wp-image-12035\" alt=\"yer f\u0131st\u0131\u011f\u0131 \u015fekeri \u00fcretim hatt\u0131\" srcset=\"https:\/\/www.peanut-butter-machine.com\/wp-content\/uploads\/2021\/09\/peanut-candy-production-line.webp 720w, https:\/\/www.peanut-butter-machine.com\/wp-content\/uploads\/2021\/09\/peanut-candy-production-line-300x225.webp 300w, https:\/\/www.peanut-butter-machine.com\/wp-content\/uploads\/2021\/09\/peanut-candy-production-line-16x12.webp 16w\" sizes=\"(max-width: 720px) 100vw, 720px\" \/>\t\t\t\t\t\t\t\t\t\t\t\t\t\t\t<\/div> \t\t\t\t<\/div> \t\t\t\t\t<\/div> \t\t\t\t<\/div> \t\t<div class=\"elementor-element elementor-element-c9849d2 e-flex e-con-boxed e-con e-parent\" data-id=\"c9849d2\" data-element_type=\"container\" data-e-type=\"container\"> \t\t\t\t\t<div class=\"e-con-inner\"> \t\t\t\t<div class=\"elementor-element elementor-element-ff41570 elementor-widget elementor-widget-text-editor\" data-id=\"ff41570\" data-element_type=\"widget\" data-e-type=\"widget\" data-widget_type=\"text-editor.default\"> \t\t\t\t\t\t\t\t\t<h2>Kalite G\u00fcvencesi<\/h2><p>Kalite bizim en \u00f6nemli \u00f6nceli\u011fimizdir. Malzeme se\u00e7iminden i\u015fleme, montaj, test ve teslimata kadar s\u0131k\u0131 kalite kontrol uygular\u0131z. Her makine sevkiyat \u00f6ncesinde incelenir ve test edilir, b\u00f6ylece istikrarl\u0131 performans, g\u00fcvenlik ve uzun hizmet \u00f6mr\u00fc sa\u011flan\u0131r. Ayr\u0131ca CE gibi uluslararas\u0131 sertifikalara da sahibiz, m\u00fc\u015fterilere g\u00fcvenli ve g\u00fcvenilir ekipman sunmak i\u00e7in.<\/p>\t\t\t\t\t\t\t\t<\/div> \t\t\t\t\t<\/div> \t\t\t\t<\/div> \t\t<div class=\"elementor-element elementor-element-8ffb62b e-flex e-con-boxed e-con e-parent\" data-id=\"8ffb62b\" data-element_type=\"container\" data-e-type=\"container\"> \t\t\t\t\t<div class=\"e-con-inner\"> \t\t<div class=\"elementor-element elementor-element-db5f0b6 e-con-full e-flex e-con e-child\" data-id=\"db5f0b6\" data-element_type=\"container\" data-e-type=\"container\"> \t\t\t\t<div class=\"elementor-element elementor-element-e276863 elementor-widget elementor-widget-image\" data-id=\"e276863\" data-element_type=\"widget\" data-e-type=\"widget\" data-widget_type=\"image.default\"> \t\t\t\t\t\t\t\t\t\t\t\t\t\t\t<img loading=\"lazy\" decoding=\"async\" width=\"720\" height=\"540\" src=\"https:\/\/www.peanut-butter-machine.com\/wp-content\/uploads\/2026\/03\/peanut-butter-filling-equipment.webp\" class=\"attachment-large size-large wp-image-12247\" alt=\"Yer f\u0131st\u0131\u011f\u0131 ezmesi doldurma ekipman\u0131\" srcset=\"https:\/\/www.peanut-butter-machine.com\/wp-content\/uploads\/2026\/03\/peanut-butter-filling-equipment.webp 720w, https:\/\/www.peanut-butter-machine.com\/wp-content\/uploads\/2026\/03\/peanut-butter-filling-equipment-300x225.webp 300w, https:\/\/www.peanut-butter-machine.com\/wp-content\/uploads\/2026\/03\/peanut-butter-filling-equipment-16x12.webp 16w\" sizes=\"(max-width: 720px) 100vw, 720px\" \/>\t\t\t\t\t\t\t\t\t\t\t\t\t\t\t<\/div> \t\t\t\t<\/div> \t\t<div class=\"elementor-element elementor-element-a893855 e-con-full e-flex e-con e-child\" data-id=\"a893855\" data-element_type=\"container\" data-e-type=\"container\"> \t\t\t\t<div class=\"elementor-element elementor-element-3d3efb3 elementor-widget elementor-widget-image\" data-id=\"3d3efb3\" data-element_type=\"widget\" data-e-type=\"widget\" data-widget_type=\"image.default\"> \t\t\t\t\t\t\t\t\t\t\t\t\t\t\t<img loading=\"lazy\" decoding=\"async\" width=\"720\" height=\"540\" src=\"https:\/\/www.peanut-butter-machine.com\/wp-content\/uploads\/2026\/02\/Almond-Sorting-Machine.webp\" class=\"attachment-large size-large wp-image-12225\" alt=\"Badem Ay\u0131rma Makinesi\" srcset=\"https:\/\/www.peanut-butter-machine.com\/wp-content\/uploads\/2026\/02\/Almond-Sorting-Machine.webp 720w, https:\/\/www.peanut-butter-machine.com\/wp-content\/uploads\/2026\/02\/Almond-Sorting-Machine-300x225.webp 300w, https:\/\/www.peanut-butter-machine.com\/wp-content\/uploads\/2026\/02\/Almond-Sorting-Machine-16x12.webp 16w\" sizes=\"(max-width: 720px) 100vw, 720px\" \/>\t\t\t\t\t\t\t\t\t\t\t\t\t\t\t<\/div> \t\t\t\t<\/div> \t\t\t\t\t<\/div> \t\t\t\t<\/div> \t\t<div class=\"elementor-element elementor-element-2ad4879 e-flex e-con-boxed e-con e-parent\" data-id=\"2ad4879\" data-element_type=\"container\" data-e-type=\"container\"> \t\t\t\t\t<div class=\"e-con-inner\"> \t\t\t\t<div class=\"elementor-element elementor-element-8e59ff1 elementor-widget elementor-widget-text-editor\" data-id=\"8e59ff1\" data-element_type=\"widget\" data-e-type=\"widget\" data-widget_type=\"text-editor.default\"> \t\t\t\t\t\t\t\t\t<h2>M\u00fc\u015fteri Deste\u011fi<\/h2><p>Kapsaml\u0131 ve profesyonel m\u00fc\u015fteri deste\u011fi sunmaya kararl\u0131y\u0131z. Hizmet ekibimiz, 7\/24 ula\u015f\u0131labilir olup, sorular\u0131 yan\u0131tlar, teknik rehberlik sa\u011flar ve zaman\u0131nda sat\u0131\u015f sonras\u0131 \u00e7\u00f6z\u00fcmler sunar. \u00c7evrimi\u00e7i video rehberli\u011fi, yerinde kurulum, devreye alma ve operat\u00f6r e\u011fitimi deste\u011fi vererek \u00fcretiminizin sorunsuz ilerlemesini sa\u011fl\u0131yoruz.<\/p>\t\t\t\t\t\t\t\t<\/div> \t\t\t\t\t<\/div> \t\t\t\t<\/div> \t\t<div class=\"elementor-element elementor-element-67f5c23 e-flex e-con-boxed e-con e-parent\" data-id=\"67f5c23\" data-element_type=\"container\" data-e-type=\"container\"> \t\t\t\t\t<div class=\"e-con-inner\"> \t\t<div class=\"elementor-element elementor-element-9beb5a9 e-con-full e-flex e-con e-child\" data-id=\"9beb5a9\" data-element_type=\"container\" data-e-type=\"container\"> \t\t\t\t<div class=\"elementor-element elementor-element-d759293 elementor-widget elementor-widget-image\" data-id=\"d759293\" data-element_type=\"widget\" data-e-type=\"widget\" data-widget_type=\"image.default\"> \t\t\t\t\t\t\t\t\t\t\t\t\t\t\t<img loading=\"lazy\" decoding=\"async\" width=\"720\" height=\"540\" src=\"https:\/\/www.peanut-butter-machine.com\/wp-content\/uploads\/2026\/04\/Sierra-Leone-Client-Visit.webp\" class=\"attachment-large size-large wp-image-12276\" alt=\"Sierra Leone M\u00fc\u015fteri Ziyareti\" srcset=\"https:\/\/www.peanut-butter-machine.com\/wp-content\/uploads\/2026\/04\/Sierra-Leone-Client-Visit.webp 720w, https:\/\/www.peanut-butter-machine.com\/wp-content\/uploads\/2026\/04\/Sierra-Leone-Client-Visit-300x225.webp 300w, https:\/\/www.peanut-butter-machine.com\/wp-content\/uploads\/2026\/04\/Sierra-Leone-Client-Visit-16x12.webp 16w\" sizes=\"(max-width: 720px) 100vw, 720px\" \/>\t\t\t\t\t\t\t\t\t\t\t\t\t\t\t<\/div> \t\t\t\t<\/div> \t\t<div class=\"elementor-element elementor-element-5380f63 e-con-full e-flex e-con e-child\" data-id=\"5380f63\" data-element_type=\"container\" data-e-type=\"container\"> \t\t\t\t<div class=\"elementor-element elementor-element-8866994 elementor-widget elementor-widget-image\" data-id=\"8866994\" data-element_type=\"widget\" data-e-type=\"widget\" data-widget_type=\"image.default\"> \t\t\t\t\t\t\t\t\t\t\t\t\t\t\t<img loading=\"lazy\" decoding=\"async\" width=\"720\" height=\"540\" src=\"https:\/\/www.peanut-butter-machine.com\/wp-content\/uploads\/2026\/04\/Russia-Feed-Production-Line.webp\" class=\"attachment-large size-large wp-image-12290\" alt=\"Rusya Besleme \u00dcretim Hatt\u0131\" srcset=\"https:\/\/www.peanut-butter-machine.com\/wp-content\/uploads\/2026\/04\/Russia-Feed-Production-Line.webp 720w, https:\/\/www.peanut-butter-machine.com\/wp-content\/uploads\/2026\/04\/Russia-Feed-Production-Line-300x225.webp 300w, https:\/\/www.peanut-butter-machine.com\/wp-content\/uploads\/2026\/04\/Russia-Feed-Production-Line-16x12.webp 16w\" sizes=\"(max-width: 720px) 100vw, 720px\" \/>\t\t\t\t\t\t\t\t\t\t\t\t\t\t\t<\/div> \t\t\t\t<\/div> \t\t\t\t\t<\/div> \t\t\t\t<\/div> \t\t<div class=\"elementor-element elementor-element-a110638 e-flex e-con-boxed e-con e-parent\" data-id=\"a110638\" data-element_type=\"container\" data-e-type=\"container\"> \t\t\t\t\t<div class=\"e-con-inner\"> \t\t\t\t<div class=\"elementor-element elementor-element-0411f3e elementor-widget elementor-widget-text-editor\" data-id=\"0411f3e\" data-element_type=\"widget\" data-e-type=\"widget\" data-widget_type=\"text-editor.default\"> \t\t\t\t\t\t\t\t\t<h2>Neden Taizy'i Se\u00e7melisiniz?<\/h2><p>F\u0131st\u0131k ezmesi makineleri ve kuruyemi\u015f i\u015fleme ekipmanlar\u0131 s\u00f6z konusu oldu\u011funda, g\u00fcvenilir orta\u011f\u0131n\u0131z olarak Taizy Machinery'yi se\u00e7in. Profesyonel teknolojimiz, tam \u00fcr\u00fcn hatt\u0131m\u0131z, \u00f6zelle\u015ftirme hizmetimiz, kat\u0131 kalite g\u00fcvencesi ve d\u00fc\u015f\u00fcnceli m\u00fc\u015fteri deste\u011fimizle, \u00fcretim verimlili\u011finizi art\u0131rman\u0131za ve i\u015f faydalar\u0131n\u0131z\u0131 maksimize etmenize yard\u0131mc\u0131 olmaya haz\u0131r\u0131z.<\/p><p>Bug\u00fcn bizimle ileti\u015fime ge\u00e7in ve f\u0131st\u0131k ezmesi ile kuruyemi\u015f i\u015fleme ihtiya\u00e7lar\u0131n\u0131z\u0131 g\u00f6r\u00fc\u015f\u00fcn, size en uygun \u00e7\u00f6z\u00fcm\u00fc sunal\u0131m.<\/p>\t\t\t\t\t\t\t\t<\/div> \t\t\t\t\t<\/div> \t\t\t\t<\/div> \t\t<div class=\"elementor-element elementor-element-2a652aa e-flex e-con-boxed e-con e-parent\" data-id=\"2a652aa\" data-element_type=\"container\" data-e-type=\"container\"> \t\t\t\t\t<div class=\"e-con-inner\"> \t\t<div class=\"elementor-element elementor-element-bbacf12 e-con-full e-flex e-con e-child\" data-id=\"bbacf12\" data-element_type=\"container\" data-e-type=\"container\"> \t\t\t\t<div class=\"elementor-element elementor-element-01df23a elementor-widget elementor-widget-image\" data-id=\"01df23a\" data-element_type=\"widget\" data-e-type=\"widget\" data-widget_type=\"image.default\"> \t\t\t\t\t\t\t\t\t\t\t\t\t\t\t<img loading=\"lazy\" decoding=\"async\" width=\"720\" height=\"540\" src=\"https:\/\/www.peanut-butter-machine.com\/wp-content\/uploads\/2026\/04\/Zimbabwe-Machine-Container-Loading.webp\" class=\"attachment-large size-large wp-image-12282\" alt=\"Zimbabve Makine Konteyner Y\u00fckleme\" srcset=\"https:\/\/www.peanut-butter-machine.com\/wp-content\/uploads\/2026\/04\/Zimbabwe-Machine-Container-Loading.webp 720w, https:\/\/www.peanut-butter-machine.com\/wp-content\/uploads\/2026\/04\/Zimbabwe-Machine-Container-Loading-300x225.webp 300w, https:\/\/www.peanut-butter-machine.com\/wp-content\/uploads\/2026\/04\/Zimbabwe-Machine-Container-Loading-16x12.webp 16w\" sizes=\"(max-width: 720px) 100vw, 720px\" \/>\t\t\t\t\t\t\t\t\t\t\t\t\t\t\t<\/div> \t\t\t\t<\/div> \t\t<div class=\"elementor-element elementor-element-350a16c e-con-full e-flex e-con e-child\" data-id=\"350a16c\" data-element_type=\"container\" data-e-type=\"container\"> \t\t\t\t<div class=\"elementor-element elementor-element-209bbbf elementor-widget elementor-widget-image\" data-id=\"209bbbf\" data-element_type=\"widget\" data-e-type=\"widget\" data-widget_type=\"image.default\"> \t\t\t\t\t\t\t\t\t\t\t\t\t\t\t<img loading=\"lazy\" decoding=\"async\" width=\"720\" height=\"540\" src=\"https:\/\/www.peanut-butter-machine.com\/wp-content\/uploads\/2026\/04\/South-Africa-Charcoal-Machine.webp\" class=\"attachment-large size-large wp-image-12277\" alt=\"G\u00fcney Afrika K\u00f6m\u00fcrc\u00fc Makinesi\" srcset=\"https:\/\/www.peanut-butter-machine.com\/wp-content\/uploads\/2026\/04\/South-Africa-Charcoal-Machine.webp 720w, https:\/\/www.peanut-butter-machine.com\/wp-content\/uploads\/2026\/04\/South-Africa-Charcoal-Machine-300x225.webp 300w, https:\/\/www.peanut-butter-machine.com\/wp-content\/uploads\/2026\/04\/South-Africa-Charcoal-Machine-16x12.webp 16w\" sizes=\"(max-width: 720px) 100vw, 720px\" \/>\t\t\t\t\t\t\t\t\t\t\t\t\t\t\t<\/div> \t\t\t\t<\/div> \t\t\t\t\t<\/div> \t\t\t\t<\/div> \t\t\t\t<\/div>","protected":false},"excerpt":{"rendered":"<p>Our Company Location Zhengzhou Taizy Machinery Co., Ltd. is a well-known enterprise that integrates scientific research, development, design, manufacturing, and sales. It is located in the Zhengzhou Economic and Technological Development Zone, a commercial and economic center, and mainly engages in the import and export of mechanical equipment. It is empowered by more than 300 [&hellip;]<\/p>\n","protected":false},"author":1,"featured_media":0,"parent":0,"menu_order":0,"comment_status":"open","ping_status":"open","template":"elementor_header_footer","meta":{"footnotes":""},"class_list":["post-2","page","type-page","status-publish","hentry"],"_links":{"self":[{"href":"https:\/\/www.peanut-butter-machine.com\/tr\/wp-json\/wp\/v2\/pages\/2","targetHints":{"allow":["GET"]}}],"collection":[{"href":"https:\/\/www.peanut-butter-machine.com\/tr\/wp-json\/wp\/v2\/pages"}],"about":[{"href":"https:\/\/www.peanut-butter-machine.com\/tr\/wp-json\/wp\/v2\/types\/page"}],"author":[{"embeddable":true,"href":"https:\/\/www.peanut-butter-machine.com\/tr\/wp-json\/wp\/v2\/users\/1"}],"replies":[{"embeddable":true,"href":"https:\/\/www.peanut-butter-machine.com\/tr\/wp-json\/wp\/v2\/comments?post=2"}],"version-history":[{"count":12,"href":"https:\/\/www.peanut-butter-machine.com\/tr\/wp-json\/wp\/v2\/pages\/2\/revisions"}],"predecessor-version":[{"id":12296,"href":"https:\/\/www.peanut-butter-machine.com\/tr\/wp-json\/wp\/v2\/pages\/2\/revisions\/12296"}],"wp:attachment":[{"href":"https:\/\/www.peanut-butter-machine.com\/tr\/wp-json\/wp\/v2\/media?parent=2"}],"curies":[{"name":"wp","href":"https:\/\/api.w.org\/{rel}","templated":true}]}}