{"id":2,"date":"2018-10-08T03:07:31","date_gmt":"2018-10-08T03:07:31","guid":{"rendered":"http:\/\/www.peanut-butter-machine.com\/?page_id=2"},"modified":"2026-04-24T11:10:55","modified_gmt":"2026-04-24T03:10:55","slug":"about-us","status":"publish","type":"page","link":"https:\/\/www.peanut-butter-machine.com\/pt\/about-us","title":{"rendered":"sobre n\u00f3s"},"content":{"rendered":"<div data-elementor-type=\"wp-page\" data-elementor-id=\"2\" class=\"elementor elementor-2\" data-elementor-post-type=\"page\"> \t\t\t\t<div class=\"elementor-element elementor-element-2ce48ca e-con-full e-flex e-con e-parent\" data-id=\"2ce48ca\" data-element_type=\"container\" data-e-type=\"container\" data-settings=\"{&quot;background_background&quot;:&quot;classic&quot;}\"> \t\t\t\t<\/div> \t\t<div class=\"elementor-element elementor-element-148e417 e-flex e-con-boxed e-con e-parent\" data-id=\"148e417\" data-element_type=\"container\" data-e-type=\"container\"> \t\t\t\t\t<div class=\"e-con-inner\"> \t\t\t\t<div class=\"elementor-element elementor-element-6eaf77e elementor-widget elementor-widget-text-editor\" data-id=\"6eaf77e\" data-element_type=\"widget\" data-e-type=\"widget\" data-widget_type=\"text-editor.default\"> \t\t\t\t\t\t\t\t\t<h2>Localiza\u00e7\u00e3o da nossa empresa<\/h2><p>A Zhengzhou Taizy Machinery Co., Ltd. \u00e9 uma empresa bem conhecida que integra investiga\u00e7\u00e3o cient\u00edfica, desenvolvimento, design, fabrica\u00e7\u00e3o e vendas. Est\u00e1 localizada na Zona de Desenvolvimento Econ\u00f3mico e Tecnol\u00f3gico de Zhengzhou, um centro comercial e econ\u00f3mico, e dedica-se principalmente \u00e0 importa\u00e7\u00e3o e exporta\u00e7\u00e3o de equipamentos mec\u00e2nicos. \u00c9 apoiada por mais de 300 funcion\u00e1rios, todos motivados pelo prazer de trabalhar como uma fam\u00edlia.<\/p><p>A nossa gama principal de produtos cobre toda a linha de produ\u00e7\u00e3o de manteiga de amendoim e equipamentos de apoio:<\/p><ol><li>M\u00e1quinas de descasque, descasque, torrefa\u00e7\u00e3o e arrefecimento de amendoim<\/li><li>Moinhos de colloide industriais e moedores de manteiga de amendoim<\/li><li>Misturadores planet\u00e1rios de cozimento, tanques de mistura e m\u00e1quinas de desgasifica\u00e7\u00e3o a v\u00e1cuo<\/li><li>M\u00e1quinas autom\u00e1ticas de pesagem, enchimento e embalagem a v\u00e1cuo<\/li><li>Linhas de produ\u00e7\u00e3o de manteiga de amendoim personalizadas (capacidade de 100\u2013500kg\/h)<\/li><\/ol>\t\t\t\t\t\t\t\t<\/div> \t\t\t\t\t<\/div> \t\t\t\t<\/div> \t\t<div class=\"elementor-element elementor-element-fc79291 e-flex e-con-boxed e-con e-parent\" data-id=\"fc79291\" data-element_type=\"container\" data-e-type=\"container\"> \t\t\t\t\t<div class=\"e-con-inner\"> \t\t<div class=\"elementor-element elementor-element-e00195f e-con-full e-flex e-con e-child\" data-id=\"e00195f\" data-element_type=\"container\" data-e-type=\"container\"> \t\t\t\t<div class=\"elementor-element elementor-element-5a68df7 elementor-widget elementor-widget-image\" data-id=\"5a68df7\" data-element_type=\"widget\" data-e-type=\"widget\" data-widget_type=\"image.default\"> \t\t\t\t\t\t\t\t\t\t\t\t\t\t\t<img fetchpriority=\"high\" decoding=\"async\" width=\"720\" height=\"540\" src=\"https:\/\/www.peanut-butter-machine.com\/wp-content\/uploads\/2021\/11\/Peanut-Butter-Production-factory.webp\" class=\"attachment-large size-large wp-image-11702\" alt=\"F\u00e1brica de Produ\u00e7\u00e3o de Manteiga de Amendoim\" srcset=\"https:\/\/www.peanut-butter-machine.com\/wp-content\/uploads\/2021\/11\/Peanut-Butter-Production-factory.webp 720w, https:\/\/www.peanut-butter-machine.com\/wp-content\/uploads\/2021\/11\/Peanut-Butter-Production-factory-300x225.webp 300w, https:\/\/www.peanut-butter-machine.com\/wp-content\/uploads\/2021\/11\/Peanut-Butter-Production-factory-16x12.webp 16w\" sizes=\"(max-width: 720px) 100vw, 720px\" \/>\t\t\t\t\t\t\t\t\t\t\t\t\t\t\t<\/div> \t\t\t\t<\/div> \t\t<div class=\"elementor-element elementor-element-f68e985 e-con-full e-flex e-con e-child\" data-id=\"f68e985\" data-element_type=\"container\" data-e-type=\"container\"> \t\t\t\t<div class=\"elementor-element elementor-element-7138982 elementor-widget elementor-widget-image\" data-id=\"7138982\" data-element_type=\"widget\" data-e-type=\"widget\" data-widget_type=\"image.default\"> \t\t\t\t\t\t\t\t\t\t\t\t\t\t\t<img decoding=\"async\" width=\"720\" height=\"540\" src=\"https:\/\/www.peanut-butter-machine.com\/wp-content\/uploads\/2021\/08\/Cocoa-Paste-Production-Line.webp\" class=\"attachment-large size-large wp-image-11751\" alt=\"Linha de produ\u00e7\u00e3o de manteiga de amendoim\" srcset=\"https:\/\/www.peanut-butter-machine.com\/wp-content\/uploads\/2021\/08\/Cocoa-Paste-Production-Line.webp 720w, https:\/\/www.peanut-butter-machine.com\/wp-content\/uploads\/2021\/08\/Cocoa-Paste-Production-Line-300x225.webp 300w, https:\/\/www.peanut-butter-machine.com\/wp-content\/uploads\/2021\/08\/Cocoa-Paste-Production-Line-16x12.webp 16w\" sizes=\"(max-width: 720px) 100vw, 720px\" \/>\t\t\t\t\t\t\t\t\t\t\t\t\t\t\t<\/div> \t\t\t\t<\/div> \t\t\t\t\t<\/div> \t\t\t\t<\/div> \t\t<div class=\"elementor-element elementor-element-b1c4f1b e-flex e-con-boxed e-con e-parent\" data-id=\"b1c4f1b\" data-element_type=\"container\" data-e-type=\"container\"> \t\t\t\t\t<div class=\"e-con-inner\"> \t\t\t\t<div class=\"elementor-element elementor-element-f967477 elementor-widget elementor-widget-text-editor\" data-id=\"f967477\" data-element_type=\"widget\" data-e-type=\"widget\" data-widget_type=\"text-editor.default\"> \t\t\t\t\t\t\t\t\t<h2>Servi\u00e7os de personaliza\u00e7\u00e3o<\/h2><p>Compreendemos que diferentes clientes t\u00eam diferentes capacidades de produ\u00e7\u00e3o, tipos de mat\u00e9rias-primas e condi\u00e7\u00f5es de f\u00e1brica. Por isso, fornecemos solu\u00e7\u00f5es personalizadas adaptadas \u00e0s suas necessidades. A nossa equipa ir\u00e1 comunicar consigo para desenhar a m\u00e1quina mais adequada ou a linha de produ\u00e7\u00e3o completa, ajudando-o a melhorar a efici\u00eancia, reduzir custos e alcan\u00e7ar uma produ\u00e7\u00e3o padronizada.<\/p>\t\t\t\t\t\t\t\t<\/div> \t\t\t\t\t<\/div> \t\t\t\t<\/div> \t\t<div class=\"elementor-element elementor-element-7709bfa e-flex e-con-boxed e-con e-parent\" data-id=\"7709bfa\" data-element_type=\"container\" data-e-type=\"container\"> \t\t\t\t\t<div class=\"e-con-inner\"> \t\t<div class=\"elementor-element elementor-element-56d7b83 e-con-full e-flex e-con e-child\" data-id=\"56d7b83\" data-element_type=\"container\" data-e-type=\"container\"> \t\t\t\t<div class=\"elementor-element elementor-element-36a6750 elementor-widget elementor-widget-image\" data-id=\"36a6750\" data-element_type=\"widget\" data-e-type=\"widget\" data-widget_type=\"image.default\"> \t\t\t\t\t\t\t\t\t\t\t\t\t\t\t<img decoding=\"async\" width=\"720\" height=\"540\" src=\"https:\/\/www.peanut-butter-machine.com\/wp-content\/uploads\/2021\/09\/Automatic-peanut-brittle-machine-1.webp\" class=\"attachment-large size-large wp-image-12034\" alt=\"M\u00e1quina autom\u00e1tica de amendoim caramelizado\" srcset=\"https:\/\/www.peanut-butter-machine.com\/wp-content\/uploads\/2021\/09\/Automatic-peanut-brittle-machine-1.webp 720w, https:\/\/www.peanut-butter-machine.com\/wp-content\/uploads\/2021\/09\/Automatic-peanut-brittle-machine-1-300x225.webp 300w, https:\/\/www.peanut-butter-machine.com\/wp-content\/uploads\/2021\/09\/Automatic-peanut-brittle-machine-1-16x12.webp 16w\" sizes=\"(max-width: 720px) 100vw, 720px\" \/>\t\t\t\t\t\t\t\t\t\t\t\t\t\t\t<\/div> \t\t\t\t<\/div> \t\t<div class=\"elementor-element elementor-element-09f5dc1 e-con-full e-flex e-con e-child\" data-id=\"09f5dc1\" data-element_type=\"container\" data-e-type=\"container\"> \t\t\t\t<div class=\"elementor-element elementor-element-1bfeeb4 elementor-widget elementor-widget-image\" data-id=\"1bfeeb4\" data-element_type=\"widget\" data-e-type=\"widget\" data-widget_type=\"image.default\"> \t\t\t\t\t\t\t\t\t\t\t\t\t\t\t<img loading=\"lazy\" decoding=\"async\" width=\"720\" height=\"540\" src=\"https:\/\/www.peanut-butter-machine.com\/wp-content\/uploads\/2021\/09\/peanut-candy-production-line.webp\" class=\"attachment-large size-large wp-image-12035\" alt=\"linha de produ\u00e7\u00e3o de doces de amendoim\" srcset=\"https:\/\/www.peanut-butter-machine.com\/wp-content\/uploads\/2021\/09\/peanut-candy-production-line.webp 720w, https:\/\/www.peanut-butter-machine.com\/wp-content\/uploads\/2021\/09\/peanut-candy-production-line-300x225.webp 300w, https:\/\/www.peanut-butter-machine.com\/wp-content\/uploads\/2021\/09\/peanut-candy-production-line-16x12.webp 16w\" sizes=\"(max-width: 720px) 100vw, 720px\" \/>\t\t\t\t\t\t\t\t\t\t\t\t\t\t\t<\/div> \t\t\t\t<\/div> \t\t\t\t\t<\/div> \t\t\t\t<\/div> \t\t<div class=\"elementor-element elementor-element-c9849d2 e-flex e-con-boxed e-con e-parent\" data-id=\"c9849d2\" data-element_type=\"container\" data-e-type=\"container\"> \t\t\t\t\t<div class=\"e-con-inner\"> \t\t\t\t<div class=\"elementor-element elementor-element-ff41570 elementor-widget elementor-widget-text-editor\" data-id=\"ff41570\" data-element_type=\"widget\" data-e-type=\"widget\" data-widget_type=\"text-editor.default\"> \t\t\t\t\t\t\t\t\t<h2>Garantia de Qualidade<\/h2><p>A qualidade \u00e9 a nossa principal prioridade. Implementamos um controlo de qualidade rigoroso desde a sele\u00e7\u00e3o de materiais, processamento, montagem, testes e entrega. Cada m\u00e1quina \u00e9 inspecionada e testada antes do envio para garantir um desempenho est\u00e1vel, seguran\u00e7a e longa dura\u00e7\u00e3o. Tamb\u00e9m possu\u00edmos certifica\u00e7\u00f5es internacionais, como a CE, para fornecer equipamentos seguros e fi\u00e1veis aos clientes.<\/p>\t\t\t\t\t\t\t\t<\/div> \t\t\t\t\t<\/div> \t\t\t\t<\/div> \t\t<div class=\"elementor-element elementor-element-8ffb62b e-flex e-con-boxed e-con e-parent\" data-id=\"8ffb62b\" data-element_type=\"container\" data-e-type=\"container\"> \t\t\t\t\t<div class=\"e-con-inner\"> \t\t<div class=\"elementor-element elementor-element-db5f0b6 e-con-full e-flex e-con e-child\" data-id=\"db5f0b6\" data-element_type=\"container\" data-e-type=\"container\"> \t\t\t\t<div class=\"elementor-element elementor-element-e276863 elementor-widget elementor-widget-image\" data-id=\"e276863\" data-element_type=\"widget\" data-e-type=\"widget\" data-widget_type=\"image.default\"> \t\t\t\t\t\t\t\t\t\t\t\t\t\t\t<img loading=\"lazy\" decoding=\"async\" width=\"720\" height=\"540\" src=\"https:\/\/www.peanut-butter-machine.com\/wp-content\/uploads\/2026\/03\/peanut-butter-filling-equipment.webp\" class=\"attachment-large size-large wp-image-12247\" alt=\"Equipamento de enchimento de manteiga de amendoim\" srcset=\"https:\/\/www.peanut-butter-machine.com\/wp-content\/uploads\/2026\/03\/peanut-butter-filling-equipment.webp 720w, https:\/\/www.peanut-butter-machine.com\/wp-content\/uploads\/2026\/03\/peanut-butter-filling-equipment-300x225.webp 300w, https:\/\/www.peanut-butter-machine.com\/wp-content\/uploads\/2026\/03\/peanut-butter-filling-equipment-16x12.webp 16w\" sizes=\"(max-width: 720px) 100vw, 720px\" \/>\t\t\t\t\t\t\t\t\t\t\t\t\t\t\t<\/div> \t\t\t\t<\/div> \t\t<div class=\"elementor-element elementor-element-a893855 e-con-full e-flex e-con e-child\" data-id=\"a893855\" data-element_type=\"container\" data-e-type=\"container\"> \t\t\t\t<div class=\"elementor-element elementor-element-3d3efb3 elementor-widget elementor-widget-image\" data-id=\"3d3efb3\" data-element_type=\"widget\" data-e-type=\"widget\" data-widget_type=\"image.default\"> \t\t\t\t\t\t\t\t\t\t\t\t\t\t\t<img loading=\"lazy\" decoding=\"async\" width=\"720\" height=\"540\" src=\"https:\/\/www.peanut-butter-machine.com\/wp-content\/uploads\/2026\/02\/Almond-Sorting-Machine.webp\" class=\"attachment-large size-large wp-image-12225\" alt=\"M\u00e1quina de classifica\u00e7\u00e3o de am\u00eandoas\" srcset=\"https:\/\/www.peanut-butter-machine.com\/wp-content\/uploads\/2026\/02\/Almond-Sorting-Machine.webp 720w, https:\/\/www.peanut-butter-machine.com\/wp-content\/uploads\/2026\/02\/Almond-Sorting-Machine-300x225.webp 300w, https:\/\/www.peanut-butter-machine.com\/wp-content\/uploads\/2026\/02\/Almond-Sorting-Machine-16x12.webp 16w\" sizes=\"(max-width: 720px) 100vw, 720px\" \/>\t\t\t\t\t\t\t\t\t\t\t\t\t\t\t<\/div> \t\t\t\t<\/div> \t\t\t\t\t<\/div> \t\t\t\t<\/div> \t\t<div class=\"elementor-element elementor-element-2ad4879 e-flex e-con-boxed e-con e-parent\" data-id=\"2ad4879\" data-element_type=\"container\" data-e-type=\"container\"> \t\t\t\t\t<div class=\"e-con-inner\"> \t\t\t\t<div class=\"elementor-element elementor-element-8e59ff1 elementor-widget elementor-widget-text-editor\" data-id=\"8e59ff1\" data-element_type=\"widget\" data-e-type=\"widget\" data-widget_type=\"text-editor.default\"> \t\t\t\t\t\t\t\t\t<h2>Suporte ao Cliente<\/h2><p>Comprometemo-nos a fornecer um suporte ao cliente abrangente e profissional. A nossa equipa de servi\u00e7o est\u00e1 dispon\u00edvel 24 horas por dia para responder a consultas, oferecer orienta\u00e7\u00e3o t\u00e9cnica e fornecer solu\u00e7\u00f5es p\u00f3s-venda atempadas. Apoiamo-nos em orienta\u00e7\u00e3o por v\u00eddeo online, instala\u00e7\u00e3o no local, comissionamento e forma\u00e7\u00e3o de operadores para garantir que a sua produ\u00e7\u00e3o decorra sem problemas.<\/p>\t\t\t\t\t\t\t\t<\/div> \t\t\t\t\t<\/div> \t\t\t\t<\/div> \t\t<div class=\"elementor-element elementor-element-67f5c23 e-flex e-con-boxed e-con e-parent\" data-id=\"67f5c23\" data-element_type=\"container\" data-e-type=\"container\"> \t\t\t\t\t<div class=\"e-con-inner\"> \t\t<div class=\"elementor-element elementor-element-9beb5a9 e-con-full e-flex e-con e-child\" data-id=\"9beb5a9\" data-element_type=\"container\" data-e-type=\"container\"> \t\t\t\t<div class=\"elementor-element elementor-element-d759293 elementor-widget elementor-widget-image\" data-id=\"d759293\" data-element_type=\"widget\" data-e-type=\"widget\" data-widget_type=\"image.default\"> \t\t\t\t\t\t\t\t\t\t\t\t\t\t\t<img loading=\"lazy\" decoding=\"async\" width=\"720\" height=\"540\" src=\"https:\/\/www.peanut-butter-machine.com\/wp-content\/uploads\/2026\/04\/Sierra-Leone-Client-Visit.webp\" class=\"attachment-large size-large wp-image-12276\" alt=\"Visita ao Cliente na Serra Leoa\" srcset=\"https:\/\/www.peanut-butter-machine.com\/wp-content\/uploads\/2026\/04\/Sierra-Leone-Client-Visit.webp 720w, https:\/\/www.peanut-butter-machine.com\/wp-content\/uploads\/2026\/04\/Sierra-Leone-Client-Visit-300x225.webp 300w, https:\/\/www.peanut-butter-machine.com\/wp-content\/uploads\/2026\/04\/Sierra-Leone-Client-Visit-16x12.webp 16w\" sizes=\"(max-width: 720px) 100vw, 720px\" \/>\t\t\t\t\t\t\t\t\t\t\t\t\t\t\t<\/div> \t\t\t\t<\/div> \t\t<div class=\"elementor-element elementor-element-5380f63 e-con-full e-flex e-con e-child\" data-id=\"5380f63\" data-element_type=\"container\" data-e-type=\"container\"> \t\t\t\t<div class=\"elementor-element elementor-element-8866994 elementor-widget elementor-widget-image\" data-id=\"8866994\" data-element_type=\"widget\" data-e-type=\"widget\" data-widget_type=\"image.default\"> \t\t\t\t\t\t\t\t\t\t\t\t\t\t\t<img loading=\"lazy\" decoding=\"async\" width=\"720\" height=\"540\" src=\"https:\/\/www.peanut-butter-machine.com\/wp-content\/uploads\/2026\/04\/Russia-Feed-Production-Line.webp\" class=\"attachment-large size-large wp-image-12290\" alt=\"Linha de Produ\u00e7\u00e3o de Alimenta\u00e7\u00e3o na R\u00fassia\" srcset=\"https:\/\/www.peanut-butter-machine.com\/wp-content\/uploads\/2026\/04\/Russia-Feed-Production-Line.webp 720w, https:\/\/www.peanut-butter-machine.com\/wp-content\/uploads\/2026\/04\/Russia-Feed-Production-Line-300x225.webp 300w, https:\/\/www.peanut-butter-machine.com\/wp-content\/uploads\/2026\/04\/Russia-Feed-Production-Line-16x12.webp 16w\" sizes=\"(max-width: 720px) 100vw, 720px\" \/>\t\t\t\t\t\t\t\t\t\t\t\t\t\t\t<\/div> \t\t\t\t<\/div> \t\t\t\t\t<\/div> \t\t\t\t<\/div> \t\t<div class=\"elementor-element elementor-element-a110638 e-flex e-con-boxed e-con e-parent\" data-id=\"a110638\" data-element_type=\"container\" data-e-type=\"container\"> \t\t\t\t\t<div class=\"e-con-inner\"> \t\t\t\t<div class=\"elementor-element elementor-element-0411f3e elementor-widget elementor-widget-text-editor\" data-id=\"0411f3e\" data-element_type=\"widget\" data-e-type=\"widget\" data-widget_type=\"text-editor.default\"> \t\t\t\t\t\t\t\t\t<h2>Por que escolher a Taizy?<\/h2><p>Quando se trata de m\u00e1quinas de manteiga de amendoim e equipamentos de processamento de frutos secos, escolha a Taizy Machinery como seu parceiro fi\u00e1vel. Com a nossa tecnologia profissional, linha de produtos completa, servi\u00e7o de personaliza\u00e7\u00e3o, garantia de qualidade rigorosa e suporte ao cliente atencioso, estamos prontos para ajud\u00e1-lo a melhorar a efici\u00eancia da produ\u00e7\u00e3o e maximizar os benef\u00edcios do seu neg\u00f3cio.<\/p><p>Contacte-nos hoje para discutir os seus requisitos de processamento de manteiga de amendoim e frutos secos e deixe-nos fornecer a solu\u00e7\u00e3o mais adequada.<\/p>\t\t\t\t\t\t\t\t<\/div> \t\t\t\t\t<\/div> \t\t\t\t<\/div> \t\t<div class=\"elementor-element elementor-element-2a652aa e-flex e-con-boxed e-con e-parent\" data-id=\"2a652aa\" data-element_type=\"container\" data-e-type=\"container\"> \t\t\t\t\t<div class=\"e-con-inner\"> \t\t<div class=\"elementor-element elementor-element-bbacf12 e-con-full e-flex e-con e-child\" data-id=\"bbacf12\" data-element_type=\"container\" data-e-type=\"container\"> \t\t\t\t<div class=\"elementor-element elementor-element-01df23a elementor-widget elementor-widget-image\" data-id=\"01df23a\" data-element_type=\"widget\" data-e-type=\"widget\" data-widget_type=\"image.default\"> \t\t\t\t\t\t\t\t\t\t\t\t\t\t\t<img loading=\"lazy\" decoding=\"async\" width=\"720\" height=\"540\" src=\"https:\/\/www.peanut-butter-machine.com\/wp-content\/uploads\/2026\/04\/Zimbabwe-Machine-Container-Loading.webp\" class=\"attachment-large size-large wp-image-12282\" alt=\"Carregamento de Contentor de M\u00e1quinas do Zimbabu\u00e9\" srcset=\"https:\/\/www.peanut-butter-machine.com\/wp-content\/uploads\/2026\/04\/Zimbabwe-Machine-Container-Loading.webp 720w, https:\/\/www.peanut-butter-machine.com\/wp-content\/uploads\/2026\/04\/Zimbabwe-Machine-Container-Loading-300x225.webp 300w, https:\/\/www.peanut-butter-machine.com\/wp-content\/uploads\/2026\/04\/Zimbabwe-Machine-Container-Loading-16x12.webp 16w\" sizes=\"(max-width: 720px) 100vw, 720px\" \/>\t\t\t\t\t\t\t\t\t\t\t\t\t\t\t<\/div> \t\t\t\t<\/div> \t\t<div class=\"elementor-element elementor-element-350a16c e-con-full e-flex e-con e-child\" data-id=\"350a16c\" data-element_type=\"container\" data-e-type=\"container\"> \t\t\t\t<div class=\"elementor-element elementor-element-209bbbf elementor-widget elementor-widget-image\" data-id=\"209bbbf\" data-element_type=\"widget\" data-e-type=\"widget\" data-widget_type=\"image.default\"> \t\t\t\t\t\t\t\t\t\t\t\t\t\t\t<img loading=\"lazy\" decoding=\"async\" width=\"720\" height=\"540\" src=\"https:\/\/www.peanut-butter-machine.com\/wp-content\/uploads\/2026\/04\/South-Africa-Charcoal-Machine.webp\" class=\"attachment-large size-large wp-image-12277\" alt=\"M\u00e1quina de Carv\u00e3o do Sul de \u00c1frica\" srcset=\"https:\/\/www.peanut-butter-machine.com\/wp-content\/uploads\/2026\/04\/South-Africa-Charcoal-Machine.webp 720w, https:\/\/www.peanut-butter-machine.com\/wp-content\/uploads\/2026\/04\/South-Africa-Charcoal-Machine-300x225.webp 300w, https:\/\/www.peanut-butter-machine.com\/wp-content\/uploads\/2026\/04\/South-Africa-Charcoal-Machine-16x12.webp 16w\" sizes=\"(max-width: 720px) 100vw, 720px\" \/>\t\t\t\t\t\t\t\t\t\t\t\t\t\t\t<\/div> \t\t\t\t<\/div> \t\t\t\t\t<\/div> \t\t\t\t<\/div> \t\t\t\t<\/div>","protected":false},"excerpt":{"rendered":"<p>Our Company Location Zhengzhou Taizy Machinery Co., Ltd. is a well-known enterprise that integrates scientific research, development, design, manufacturing, and sales. It is located in the Zhengzhou Economic and Technological Development Zone, a commercial and economic center, and mainly engages in the import and export of mechanical equipment. It is empowered by more than 300 [&hellip;]<\/p>\n","protected":false},"author":1,"featured_media":0,"parent":0,"menu_order":0,"comment_status":"open","ping_status":"open","template":"elementor_header_footer","meta":{"footnotes":""},"class_list":["post-2","page","type-page","status-publish","hentry"],"_links":{"self":[{"href":"https:\/\/www.peanut-butter-machine.com\/pt\/wp-json\/wp\/v2\/pages\/2","targetHints":{"allow":["GET"]}}],"collection":[{"href":"https:\/\/www.peanut-butter-machine.com\/pt\/wp-json\/wp\/v2\/pages"}],"about":[{"href":"https:\/\/www.peanut-butter-machine.com\/pt\/wp-json\/wp\/v2\/types\/page"}],"author":[{"embeddable":true,"href":"https:\/\/www.peanut-butter-machine.com\/pt\/wp-json\/wp\/v2\/users\/1"}],"replies":[{"embeddable":true,"href":"https:\/\/www.peanut-butter-machine.com\/pt\/wp-json\/wp\/v2\/comments?post=2"}],"version-history":[{"count":12,"href":"https:\/\/www.peanut-butter-machine.com\/pt\/wp-json\/wp\/v2\/pages\/2\/revisions"}],"predecessor-version":[{"id":12296,"href":"https:\/\/www.peanut-butter-machine.com\/pt\/wp-json\/wp\/v2\/pages\/2\/revisions\/12296"}],"wp:attachment":[{"href":"https:\/\/www.peanut-butter-machine.com\/pt\/wp-json\/wp\/v2\/media?parent=2"}],"curies":[{"name":"wp","href":"https:\/\/api.w.org\/{rel}","templated":true}]}}