{"id":2,"date":"2018-10-08T03:07:31","date_gmt":"2018-10-08T03:07:31","guid":{"rendered":"http:\/\/www.peanut-butter-machine.com\/?page_id=2"},"modified":"2026-04-24T11:10:55","modified_gmt":"2026-04-24T03:10:55","slug":"about-us","status":"publish","type":"page","link":"https:\/\/www.peanut-butter-machine.com\/fr\/about-us","title":{"rendered":"\u00e0 propos de nous"},"content":{"rendered":"<div data-elementor-type=\"wp-page\" data-elementor-id=\"2\" class=\"elementor elementor-2\" data-elementor-post-type=\"page\"> \t\t\t\t<div class=\"elementor-element elementor-element-2ce48ca e-con-full e-flex e-con e-parent\" data-id=\"2ce48ca\" data-element_type=\"container\" data-e-type=\"container\" data-settings=\"{&quot;background_background&quot;:&quot;classic&quot;}\"> \t\t\t\t<\/div> \t\t<div class=\"elementor-element elementor-element-148e417 e-flex e-con-boxed e-con e-parent\" data-id=\"148e417\" data-element_type=\"container\" data-e-type=\"container\"> \t\t\t\t\t<div class=\"e-con-inner\"> \t\t\t\t<div class=\"elementor-element elementor-element-6eaf77e elementor-widget elementor-widget-text-editor\" data-id=\"6eaf77e\" data-element_type=\"widget\" data-e-type=\"widget\" data-widget_type=\"text-editor.default\"> \t\t\t\t\t\t\t\t\t<h2>Localisation de notre entreprise<\/h2><p>Zhengzhou Taizy Machinery Co., Ltd. est une entreprise renomm\u00e9e qui int\u00e8gre la recherche scientifique, le d\u00e9veloppement, la conception, la fabrication et la vente. Elle est situ\u00e9e dans la zone de d\u00e9veloppement \u00e9conomique et technologique de Zhengzhou, un centre commercial et \u00e9conomique, et se consacre principalement \u00e0 l'importation et \u00e0 l'exportation d'\u00e9quipements m\u00e9caniques. Elle compte plus de 300 employ\u00e9s, tous motiv\u00e9s par la joie de travailler en famille.<\/p><p>Notre gamme de produits principaux couvre la ligne compl\u00e8te de production de beurre de cacahu\u00e8te et les \u00e9quipements de support :<\/p><ol><li>Machines de d\u00e9corticage, d\u2019\u00e9pluchage, de torr\u00e9faction et de refroidissement des cacahu\u00e8tes<\/li><li>Broyeurs collo\u00efdaux industriels et moulins \u00e0 beurre de cacahu\u00e8te<\/li><li>Mixeurs de cuisson plan\u00e9taires, cuves de m\u00e9lange et machines de d\u00e9gasification sous vide<\/li><li>Machines automatiques de pesage, de remplissage et d'emballage sous vide<\/li><li>Lignes de production de beurre de cacahu\u00e8te cl\u00e9s en main personnalis\u00e9es (capacit\u00e9 de 100 \u00e0 500 kg\/h)<\/li><\/ol>\t\t\t\t\t\t\t\t<\/div> \t\t\t\t\t<\/div> \t\t\t\t<\/div> \t\t<div class=\"elementor-element elementor-element-fc79291 e-flex e-con-boxed e-con e-parent\" data-id=\"fc79291\" data-element_type=\"container\" data-e-type=\"container\"> \t\t\t\t\t<div class=\"e-con-inner\"> \t\t<div class=\"elementor-element elementor-element-e00195f e-con-full e-flex e-con e-child\" data-id=\"e00195f\" data-element_type=\"container\" data-e-type=\"container\"> \t\t\t\t<div class=\"elementor-element elementor-element-5a68df7 elementor-widget elementor-widget-image\" data-id=\"5a68df7\" data-element_type=\"widget\" data-e-type=\"widget\" data-widget_type=\"image.default\"> \t\t\t\t\t\t\t\t\t\t\t\t\t\t\t<img fetchpriority=\"high\" decoding=\"async\" width=\"720\" height=\"540\" src=\"https:\/\/www.peanut-butter-machine.com\/wp-content\/uploads\/2021\/11\/Peanut-Butter-Production-factory.webp\" class=\"attachment-large size-large wp-image-11702\" alt=\"Usine de production de beurre de cacahu\u00e8te\" srcset=\"https:\/\/www.peanut-butter-machine.com\/wp-content\/uploads\/2021\/11\/Peanut-Butter-Production-factory.webp 720w, https:\/\/www.peanut-butter-machine.com\/wp-content\/uploads\/2021\/11\/Peanut-Butter-Production-factory-300x225.webp 300w, https:\/\/www.peanut-butter-machine.com\/wp-content\/uploads\/2021\/11\/Peanut-Butter-Production-factory-16x12.webp 16w\" sizes=\"(max-width: 720px) 100vw, 720px\" \/>\t\t\t\t\t\t\t\t\t\t\t\t\t\t\t<\/div> \t\t\t\t<\/div> \t\t<div class=\"elementor-element elementor-element-f68e985 e-con-full e-flex e-con e-child\" data-id=\"f68e985\" data-element_type=\"container\" data-e-type=\"container\"> \t\t\t\t<div class=\"elementor-element elementor-element-7138982 elementor-widget elementor-widget-image\" data-id=\"7138982\" data-element_type=\"widget\" data-e-type=\"widget\" data-widget_type=\"image.default\"> \t\t\t\t\t\t\t\t\t\t\t\t\t\t\t<img decoding=\"async\" width=\"720\" height=\"540\" src=\"https:\/\/www.peanut-butter-machine.com\/wp-content\/uploads\/2021\/08\/Cocoa-Paste-Production-Line.webp\" class=\"attachment-large size-large wp-image-11751\" alt=\"Ligne de production de beurre de cacahu\u00e8te\" srcset=\"https:\/\/www.peanut-butter-machine.com\/wp-content\/uploads\/2021\/08\/Cocoa-Paste-Production-Line.webp 720w, https:\/\/www.peanut-butter-machine.com\/wp-content\/uploads\/2021\/08\/Cocoa-Paste-Production-Line-300x225.webp 300w, https:\/\/www.peanut-butter-machine.com\/wp-content\/uploads\/2021\/08\/Cocoa-Paste-Production-Line-16x12.webp 16w\" sizes=\"(max-width: 720px) 100vw, 720px\" \/>\t\t\t\t\t\t\t\t\t\t\t\t\t\t\t<\/div> \t\t\t\t<\/div> \t\t\t\t\t<\/div> \t\t\t\t<\/div> \t\t<div class=\"elementor-element elementor-element-b1c4f1b e-flex e-con-boxed e-con e-parent\" data-id=\"b1c4f1b\" data-element_type=\"container\" data-e-type=\"container\"> \t\t\t\t\t<div class=\"e-con-inner\"> \t\t\t\t<div class=\"elementor-element elementor-element-f967477 elementor-widget elementor-widget-text-editor\" data-id=\"f967477\" data-element_type=\"widget\" data-e-type=\"widget\" data-widget_type=\"text-editor.default\"> \t\t\t\t\t\t\t\t\t<h2>Services de personnalisation<\/h2><p>Nous comprenons que diff\u00e9rents clients ont des capacit\u00e9s de production, des types de mati\u00e8res premi\u00e8res et des conditions d'usine vari\u00e9s. Par cons\u00e9quent, nous proposons des solutions personnalis\u00e9es adapt\u00e9es \u00e0 vos besoins. Notre \u00e9quipe communiquera avec vous pour concevoir la machine la plus adapt\u00e9e ou une ligne de production compl\u00e8te, vous aidant \u00e0 am\u00e9liorer l'efficacit\u00e9, r\u00e9duire les co\u00fbts et atteindre une production standardis\u00e9e.<\/p>\t\t\t\t\t\t\t\t<\/div> \t\t\t\t\t<\/div> \t\t\t\t<\/div> \t\t<div class=\"elementor-element elementor-element-7709bfa e-flex e-con-boxed e-con e-parent\" data-id=\"7709bfa\" data-element_type=\"container\" data-e-type=\"container\"> \t\t\t\t\t<div class=\"e-con-inner\"> \t\t<div class=\"elementor-element elementor-element-56d7b83 e-con-full e-flex e-con e-child\" data-id=\"56d7b83\" data-element_type=\"container\" data-e-type=\"container\"> \t\t\t\t<div class=\"elementor-element elementor-element-36a6750 elementor-widget elementor-widget-image\" data-id=\"36a6750\" data-element_type=\"widget\" data-e-type=\"widget\" data-widget_type=\"image.default\"> \t\t\t\t\t\t\t\t\t\t\t\t\t\t\t<img decoding=\"async\" width=\"720\" height=\"540\" src=\"https:\/\/www.peanut-butter-machine.com\/wp-content\/uploads\/2021\/09\/Automatic-peanut-brittle-machine-1.webp\" class=\"attachment-large size-large wp-image-12034\" alt=\"Machine automatique \u00e0 caramel de cacahu\u00e8te\" srcset=\"https:\/\/www.peanut-butter-machine.com\/wp-content\/uploads\/2021\/09\/Automatic-peanut-brittle-machine-1.webp 720w, https:\/\/www.peanut-butter-machine.com\/wp-content\/uploads\/2021\/09\/Automatic-peanut-brittle-machine-1-300x225.webp 300w, https:\/\/www.peanut-butter-machine.com\/wp-content\/uploads\/2021\/09\/Automatic-peanut-brittle-machine-1-16x12.webp 16w\" sizes=\"(max-width: 720px) 100vw, 720px\" \/>\t\t\t\t\t\t\t\t\t\t\t\t\t\t\t<\/div> \t\t\t\t<\/div> \t\t<div class=\"elementor-element elementor-element-09f5dc1 e-con-full e-flex e-con e-child\" data-id=\"09f5dc1\" data-element_type=\"container\" data-e-type=\"container\"> \t\t\t\t<div class=\"elementor-element elementor-element-1bfeeb4 elementor-widget elementor-widget-image\" data-id=\"1bfeeb4\" data-element_type=\"widget\" data-e-type=\"widget\" data-widget_type=\"image.default\"> \t\t\t\t\t\t\t\t\t\t\t\t\t\t\t<img loading=\"lazy\" decoding=\"async\" width=\"720\" height=\"540\" src=\"https:\/\/www.peanut-butter-machine.com\/wp-content\/uploads\/2021\/09\/peanut-candy-production-line.webp\" class=\"attachment-large size-large wp-image-12035\" alt=\"ligne de production de bonbons aux arachides\" srcset=\"https:\/\/www.peanut-butter-machine.com\/wp-content\/uploads\/2021\/09\/peanut-candy-production-line.webp 720w, https:\/\/www.peanut-butter-machine.com\/wp-content\/uploads\/2021\/09\/peanut-candy-production-line-300x225.webp 300w, https:\/\/www.peanut-butter-machine.com\/wp-content\/uploads\/2021\/09\/peanut-candy-production-line-16x12.webp 16w\" sizes=\"(max-width: 720px) 100vw, 720px\" \/>\t\t\t\t\t\t\t\t\t\t\t\t\t\t\t<\/div> \t\t\t\t<\/div> \t\t\t\t\t<\/div> \t\t\t\t<\/div> \t\t<div class=\"elementor-element elementor-element-c9849d2 e-flex e-con-boxed e-con e-parent\" data-id=\"c9849d2\" data-element_type=\"container\" data-e-type=\"container\"> \t\t\t\t\t<div class=\"e-con-inner\"> \t\t\t\t<div class=\"elementor-element elementor-element-ff41570 elementor-widget elementor-widget-text-editor\" data-id=\"ff41570\" data-element_type=\"widget\" data-e-type=\"widget\" data-widget_type=\"text-editor.default\"> \t\t\t\t\t\t\t\t\t<h2>Assurance qualit\u00e9<\/h2><p>La qualit\u00e9 est notre priorit\u00e9 absolue. Nous mettons en \u0153uvre un contr\u00f4le qualit\u00e9 strict d\u00e8s la s\u00e9lection des mat\u00e9riaux, le traitement, l'assemblage, les tests et la livraison. Chaque machine est inspect\u00e9e et test\u00e9e avant l'exp\u00e9dition pour garantir une performance stable, la s\u00e9curit\u00e9 et une longue dur\u00e9e de vie. Nous d\u00e9tenons \u00e9galement des certifications internationales, telles que la CE, pour fournir aux clients un \u00e9quipement s\u00fbr et fiable.<\/p>\t\t\t\t\t\t\t\t<\/div> \t\t\t\t\t<\/div> \t\t\t\t<\/div> \t\t<div class=\"elementor-element elementor-element-8ffb62b e-flex e-con-boxed e-con e-parent\" data-id=\"8ffb62b\" data-element_type=\"container\" data-e-type=\"container\"> \t\t\t\t\t<div class=\"e-con-inner\"> \t\t<div class=\"elementor-element elementor-element-db5f0b6 e-con-full e-flex e-con e-child\" data-id=\"db5f0b6\" data-element_type=\"container\" data-e-type=\"container\"> \t\t\t\t<div class=\"elementor-element elementor-element-e276863 elementor-widget elementor-widget-image\" data-id=\"e276863\" data-element_type=\"widget\" data-e-type=\"widget\" data-widget_type=\"image.default\"> \t\t\t\t\t\t\t\t\t\t\t\t\t\t\t<img loading=\"lazy\" decoding=\"async\" width=\"720\" height=\"540\" src=\"https:\/\/www.peanut-butter-machine.com\/wp-content\/uploads\/2026\/03\/peanut-butter-filling-equipment.webp\" class=\"attachment-large size-large wp-image-12247\" alt=\"\u00c9quipement de remplissage de beurre d&#039;arachide\" srcset=\"https:\/\/www.peanut-butter-machine.com\/wp-content\/uploads\/2026\/03\/peanut-butter-filling-equipment.webp 720w, https:\/\/www.peanut-butter-machine.com\/wp-content\/uploads\/2026\/03\/peanut-butter-filling-equipment-300x225.webp 300w, https:\/\/www.peanut-butter-machine.com\/wp-content\/uploads\/2026\/03\/peanut-butter-filling-equipment-16x12.webp 16w\" sizes=\"(max-width: 720px) 100vw, 720px\" \/>\t\t\t\t\t\t\t\t\t\t\t\t\t\t\t<\/div> \t\t\t\t<\/div> \t\t<div class=\"elementor-element elementor-element-a893855 e-con-full e-flex e-con e-child\" data-id=\"a893855\" data-element_type=\"container\" data-e-type=\"container\"> \t\t\t\t<div class=\"elementor-element elementor-element-3d3efb3 elementor-widget elementor-widget-image\" data-id=\"3d3efb3\" data-element_type=\"widget\" data-e-type=\"widget\" data-widget_type=\"image.default\"> \t\t\t\t\t\t\t\t\t\t\t\t\t\t\t<img loading=\"lazy\" decoding=\"async\" width=\"720\" height=\"540\" src=\"https:\/\/www.peanut-butter-machine.com\/wp-content\/uploads\/2026\/02\/Almond-Sorting-Machine.webp\" class=\"attachment-large size-large wp-image-12225\" alt=\"Trieuse d&#039;amandes\" srcset=\"https:\/\/www.peanut-butter-machine.com\/wp-content\/uploads\/2026\/02\/Almond-Sorting-Machine.webp 720w, https:\/\/www.peanut-butter-machine.com\/wp-content\/uploads\/2026\/02\/Almond-Sorting-Machine-300x225.webp 300w, https:\/\/www.peanut-butter-machine.com\/wp-content\/uploads\/2026\/02\/Almond-Sorting-Machine-16x12.webp 16w\" sizes=\"(max-width: 720px) 100vw, 720px\" \/>\t\t\t\t\t\t\t\t\t\t\t\t\t\t\t<\/div> \t\t\t\t<\/div> \t\t\t\t\t<\/div> \t\t\t\t<\/div> \t\t<div class=\"elementor-element elementor-element-2ad4879 e-flex e-con-boxed e-con e-parent\" data-id=\"2ad4879\" data-element_type=\"container\" data-e-type=\"container\"> \t\t\t\t\t<div class=\"e-con-inner\"> \t\t\t\t<div class=\"elementor-element elementor-element-8e59ff1 elementor-widget elementor-widget-text-editor\" data-id=\"8e59ff1\" data-element_type=\"widget\" data-e-type=\"widget\" data-widget_type=\"text-editor.default\"> \t\t\t\t\t\t\t\t\t<h2>Support client<\/h2><p>Nous nous engageons \u00e0 fournir un support client complet et professionnel. Notre \u00e9quipe de service est disponible 24 heures sur 24 pour r\u00e9pondre aux demandes, offrir des conseils techniques et fournir des solutions apr\u00e8s-vente en temps voulu. Nous proposons des guides vid\u00e9o en ligne, l'installation sur site, la mise en service et la formation des op\u00e9rateurs pour assurer le bon d\u00e9roulement de votre production.<\/p>\t\t\t\t\t\t\t\t<\/div> \t\t\t\t\t<\/div> \t\t\t\t<\/div> \t\t<div class=\"elementor-element elementor-element-67f5c23 e-flex e-con-boxed e-con e-parent\" data-id=\"67f5c23\" data-element_type=\"container\" data-e-type=\"container\"> \t\t\t\t\t<div class=\"e-con-inner\"> \t\t<div class=\"elementor-element elementor-element-9beb5a9 e-con-full e-flex e-con e-child\" data-id=\"9beb5a9\" data-element_type=\"container\" data-e-type=\"container\"> \t\t\t\t<div class=\"elementor-element elementor-element-d759293 elementor-widget elementor-widget-image\" data-id=\"d759293\" data-element_type=\"widget\" data-e-type=\"widget\" data-widget_type=\"image.default\"> \t\t\t\t\t\t\t\t\t\t\t\t\t\t\t<img loading=\"lazy\" decoding=\"async\" width=\"720\" height=\"540\" src=\"https:\/\/www.peanut-butter-machine.com\/wp-content\/uploads\/2026\/04\/Sierra-Leone-Client-Visit.webp\" class=\"attachment-large size-large wp-image-12276\" alt=\"Visite du client en Sierra Leone\" srcset=\"https:\/\/www.peanut-butter-machine.com\/wp-content\/uploads\/2026\/04\/Sierra-Leone-Client-Visit.webp 720w, https:\/\/www.peanut-butter-machine.com\/wp-content\/uploads\/2026\/04\/Sierra-Leone-Client-Visit-300x225.webp 300w, https:\/\/www.peanut-butter-machine.com\/wp-content\/uploads\/2026\/04\/Sierra-Leone-Client-Visit-16x12.webp 16w\" sizes=\"(max-width: 720px) 100vw, 720px\" \/>\t\t\t\t\t\t\t\t\t\t\t\t\t\t\t<\/div> \t\t\t\t<\/div> \t\t<div class=\"elementor-element elementor-element-5380f63 e-con-full e-flex e-con e-child\" data-id=\"5380f63\" data-element_type=\"container\" data-e-type=\"container\"> \t\t\t\t<div class=\"elementor-element elementor-element-8866994 elementor-widget elementor-widget-image\" data-id=\"8866994\" data-element_type=\"widget\" data-e-type=\"widget\" data-widget_type=\"image.default\"> \t\t\t\t\t\t\t\t\t\t\t\t\t\t\t<img loading=\"lazy\" decoding=\"async\" width=\"720\" height=\"540\" src=\"https:\/\/www.peanut-butter-machine.com\/wp-content\/uploads\/2026\/04\/Russia-Feed-Production-Line.webp\" class=\"attachment-large size-large wp-image-12290\" alt=\"Ligne de production d&#039;aliments en Russie\" srcset=\"https:\/\/www.peanut-butter-machine.com\/wp-content\/uploads\/2026\/04\/Russia-Feed-Production-Line.webp 720w, https:\/\/www.peanut-butter-machine.com\/wp-content\/uploads\/2026\/04\/Russia-Feed-Production-Line-300x225.webp 300w, https:\/\/www.peanut-butter-machine.com\/wp-content\/uploads\/2026\/04\/Russia-Feed-Production-Line-16x12.webp 16w\" sizes=\"(max-width: 720px) 100vw, 720px\" \/>\t\t\t\t\t\t\t\t\t\t\t\t\t\t\t<\/div> \t\t\t\t<\/div> \t\t\t\t\t<\/div> \t\t\t\t<\/div> \t\t<div class=\"elementor-element elementor-element-a110638 e-flex e-con-boxed e-con e-parent\" data-id=\"a110638\" data-element_type=\"container\" data-e-type=\"container\"> \t\t\t\t\t<div class=\"e-con-inner\"> \t\t\t\t<div class=\"elementor-element elementor-element-0411f3e elementor-widget elementor-widget-text-editor\" data-id=\"0411f3e\" data-element_type=\"widget\" data-e-type=\"widget\" data-widget_type=\"text-editor.default\"> \t\t\t\t\t\t\t\t\t<h2>Pourquoi choisir Taizy ?<\/h2><p>En ce qui concerne les machines \u00e0 beurre de cacahu\u00e8te et les \u00e9quipements de traitement des noix, choisissez Taizy Machinery comme partenaire fiable. Avec notre technologie professionnelle, notre gamme compl\u00e8te de produits, notre service de personnalisation, notre contr\u00f4le qualit\u00e9 strict et notre support client attentif, nous sommes pr\u00eats \u00e0 vous aider \u00e0 am\u00e9liorer l'efficacit\u00e9 de votre production et \u00e0 maximiser vos b\u00e9n\u00e9fices commerciaux.<\/p><p>Contactez-nous d\u00e8s aujourd'hui pour discuter de vos besoins en transformation de beurre de cacahu\u00e8te et de noix, et laissez-nous vous fournir la solution la plus adapt\u00e9e.<\/p>\t\t\t\t\t\t\t\t<\/div> \t\t\t\t\t<\/div> \t\t\t\t<\/div> \t\t<div class=\"elementor-element elementor-element-2a652aa e-flex e-con-boxed e-con e-parent\" data-id=\"2a652aa\" data-element_type=\"container\" data-e-type=\"container\"> \t\t\t\t\t<div class=\"e-con-inner\"> \t\t<div class=\"elementor-element elementor-element-bbacf12 e-con-full e-flex e-con e-child\" data-id=\"bbacf12\" data-element_type=\"container\" data-e-type=\"container\"> \t\t\t\t<div class=\"elementor-element elementor-element-01df23a elementor-widget elementor-widget-image\" data-id=\"01df23a\" data-element_type=\"widget\" data-e-type=\"widget\" data-widget_type=\"image.default\"> \t\t\t\t\t\t\t\t\t\t\t\t\t\t\t<img loading=\"lazy\" decoding=\"async\" width=\"720\" height=\"540\" src=\"https:\/\/www.peanut-butter-machine.com\/wp-content\/uploads\/2026\/04\/Zimbabwe-Machine-Container-Loading.webp\" class=\"attachment-large size-large wp-image-12282\" alt=\"Chargement du conteneur de machines au Zimbabwe\" srcset=\"https:\/\/www.peanut-butter-machine.com\/wp-content\/uploads\/2026\/04\/Zimbabwe-Machine-Container-Loading.webp 720w, https:\/\/www.peanut-butter-machine.com\/wp-content\/uploads\/2026\/04\/Zimbabwe-Machine-Container-Loading-300x225.webp 300w, https:\/\/www.peanut-butter-machine.com\/wp-content\/uploads\/2026\/04\/Zimbabwe-Machine-Container-Loading-16x12.webp 16w\" sizes=\"(max-width: 720px) 100vw, 720px\" \/>\t\t\t\t\t\t\t\t\t\t\t\t\t\t\t<\/div> \t\t\t\t<\/div> \t\t<div class=\"elementor-element elementor-element-350a16c e-con-full e-flex e-con e-child\" data-id=\"350a16c\" data-element_type=\"container\" data-e-type=\"container\"> \t\t\t\t<div class=\"elementor-element elementor-element-209bbbf elementor-widget elementor-widget-image\" data-id=\"209bbbf\" data-element_type=\"widget\" data-e-type=\"widget\" data-widget_type=\"image.default\"> \t\t\t\t\t\t\t\t\t\t\t\t\t\t\t<img loading=\"lazy\" decoding=\"async\" width=\"720\" height=\"540\" src=\"https:\/\/www.peanut-butter-machine.com\/wp-content\/uploads\/2026\/04\/South-Africa-Charcoal-Machine.webp\" class=\"attachment-large size-large wp-image-12277\" alt=\"Machine \u00e0 charbon de Afrique du Sud\" srcset=\"https:\/\/www.peanut-butter-machine.com\/wp-content\/uploads\/2026\/04\/South-Africa-Charcoal-Machine.webp 720w, https:\/\/www.peanut-butter-machine.com\/wp-content\/uploads\/2026\/04\/South-Africa-Charcoal-Machine-300x225.webp 300w, https:\/\/www.peanut-butter-machine.com\/wp-content\/uploads\/2026\/04\/South-Africa-Charcoal-Machine-16x12.webp 16w\" sizes=\"(max-width: 720px) 100vw, 720px\" \/>\t\t\t\t\t\t\t\t\t\t\t\t\t\t\t<\/div> \t\t\t\t<\/div> \t\t\t\t\t<\/div> \t\t\t\t<\/div> \t\t\t\t<\/div>","protected":false},"excerpt":{"rendered":"<p>Our Company Location Zhengzhou Taizy Machinery Co., Ltd. is a well-known enterprise that integrates scientific research, development, design, manufacturing, and sales. It is located in the Zhengzhou Economic and Technological Development Zone, a commercial and economic center, and mainly engages in the import and export of mechanical equipment. It is empowered by more than 300 [&hellip;]<\/p>\n","protected":false},"author":1,"featured_media":0,"parent":0,"menu_order":0,"comment_status":"open","ping_status":"open","template":"elementor_header_footer","meta":{"footnotes":""},"class_list":["post-2","page","type-page","status-publish","hentry"],"_links":{"self":[{"href":"https:\/\/www.peanut-butter-machine.com\/fr\/wp-json\/wp\/v2\/pages\/2","targetHints":{"allow":["GET"]}}],"collection":[{"href":"https:\/\/www.peanut-butter-machine.com\/fr\/wp-json\/wp\/v2\/pages"}],"about":[{"href":"https:\/\/www.peanut-butter-machine.com\/fr\/wp-json\/wp\/v2\/types\/page"}],"author":[{"embeddable":true,"href":"https:\/\/www.peanut-butter-machine.com\/fr\/wp-json\/wp\/v2\/users\/1"}],"replies":[{"embeddable":true,"href":"https:\/\/www.peanut-butter-machine.com\/fr\/wp-json\/wp\/v2\/comments?post=2"}],"version-history":[{"count":12,"href":"https:\/\/www.peanut-butter-machine.com\/fr\/wp-json\/wp\/v2\/pages\/2\/revisions"}],"predecessor-version":[{"id":12296,"href":"https:\/\/www.peanut-butter-machine.com\/fr\/wp-json\/wp\/v2\/pages\/2\/revisions\/12296"}],"wp:attachment":[{"href":"https:\/\/www.peanut-butter-machine.com\/fr\/wp-json\/wp\/v2\/media?parent=2"}],"curies":[{"name":"wp","href":"https:\/\/api.w.org\/{rel}","templated":true}]}}