{"id":2,"date":"2018-10-08T03:07:31","date_gmt":"2018-10-08T03:07:31","guid":{"rendered":"http:\/\/www.peanut-butter-machine.com\/?page_id=2"},"modified":"2026-04-24T11:10:55","modified_gmt":"2026-04-24T03:10:55","slug":"about-us","status":"publish","type":"page","link":"https:\/\/www.peanut-butter-machine.com\/de\/about-us","title":{"rendered":"\u00fcber uns"},"content":{"rendered":"<div data-elementor-type=\"wp-page\" data-elementor-id=\"2\" class=\"elementor elementor-2\" data-elementor-post-type=\"page\"> \t\t\t\t<div class=\"elementor-element elementor-element-2ce48ca e-con-full e-flex e-con e-parent\" data-id=\"2ce48ca\" data-element_type=\"container\" data-e-type=\"container\" data-settings=\"{&quot;background_background&quot;:&quot;classic&quot;}\"> \t\t\t\t<\/div> \t\t<div class=\"elementor-element elementor-element-148e417 e-flex e-con-boxed e-con e-parent\" data-id=\"148e417\" data-element_type=\"container\" data-e-type=\"container\"> \t\t\t\t\t<div class=\"e-con-inner\"> \t\t\t\t<div class=\"elementor-element elementor-element-6eaf77e elementor-widget elementor-widget-text-editor\" data-id=\"6eaf77e\" data-element_type=\"widget\" data-e-type=\"widget\" data-widget_type=\"text-editor.default\"> \t\t\t\t\t\t\t\t\t<h2>Unser Firmenstandort<\/h2><p>Zhengzhou Taizy Machinery Co., Ltd. ist ein bekanntes Unternehmen, das wissenschaftliche Forschung, Entwicklung, Design, Herstellung und Vertrieb integriert. Es befindet sich in der wirtschaftlichen und technologischen Entwicklungszone Zhengzhou, einem Handels- und Wirtschaftszentrum, und besch\u00e4ftigt sich haupts\u00e4chlich mit dem Import und Export von Maschinen. Es wird von mehr als 300 Mitarbeitern unterst\u00fctzt, die alle von der Freude motiviert sind, als Familie zu arbeiten.<\/p><p>Unser Kernproduktportfolio umfasst die komplette Erdnussbutter-Produktionslinie und unterst\u00fctzende Ger\u00e4te:<\/p><ol><li>Erdnuss-Sch\u00e4l-, Sch\u00e4l-, R\u00f6st- und K\u00fchlmaschinen<\/li><li>Industrielle Kolloidm\u00fchlen &amp; Erdnussbutter-M\u00fchlen<\/li><li>Planetarische Kochmischer, Mischbeh\u00e4lter und Vakuum-Entgasungsmaschinen<\/li><li>Automatische Wiege-, F\u00fcll- und Vakuumverpackungsmaschinen<\/li><li>Ma\u00dfgeschneiderte schl\u00fcsselfertige Erdnussbutter-Produktionslinien (100\u2013500 kg\/h Kapazit\u00e4t)<\/li><\/ol>\t\t\t\t\t\t\t\t<\/div> \t\t\t\t\t<\/div> \t\t\t\t<\/div> \t\t<div class=\"elementor-element elementor-element-fc79291 e-flex e-con-boxed e-con e-parent\" data-id=\"fc79291\" data-element_type=\"container\" data-e-type=\"container\"> \t\t\t\t\t<div class=\"e-con-inner\"> \t\t<div class=\"elementor-element elementor-element-e00195f e-con-full e-flex e-con e-child\" data-id=\"e00195f\" data-element_type=\"container\" data-e-type=\"container\"> \t\t\t\t<div class=\"elementor-element elementor-element-5a68df7 elementor-widget elementor-widget-image\" data-id=\"5a68df7\" data-element_type=\"widget\" data-e-type=\"widget\" data-widget_type=\"image.default\"> \t\t\t\t\t\t\t\t\t\t\t\t\t\t\t<img fetchpriority=\"high\" decoding=\"async\" width=\"720\" height=\"540\" src=\"https:\/\/www.peanut-butter-machine.com\/wp-content\/uploads\/2021\/11\/Peanut-Butter-Production-factory.webp\" class=\"attachment-large size-large wp-image-11702\" alt=\"Erdnussbutter-Produktionsfabrik\" srcset=\"https:\/\/www.peanut-butter-machine.com\/wp-content\/uploads\/2021\/11\/Peanut-Butter-Production-factory.webp 720w, https:\/\/www.peanut-butter-machine.com\/wp-content\/uploads\/2021\/11\/Peanut-Butter-Production-factory-300x225.webp 300w, https:\/\/www.peanut-butter-machine.com\/wp-content\/uploads\/2021\/11\/Peanut-Butter-Production-factory-16x12.webp 16w\" sizes=\"(max-width: 720px) 100vw, 720px\" \/>\t\t\t\t\t\t\t\t\t\t\t\t\t\t\t<\/div> \t\t\t\t<\/div> \t\t<div class=\"elementor-element elementor-element-f68e985 e-con-full e-flex e-con e-child\" data-id=\"f68e985\" data-element_type=\"container\" data-e-type=\"container\"> \t\t\t\t<div class=\"elementor-element elementor-element-7138982 elementor-widget elementor-widget-image\" data-id=\"7138982\" data-element_type=\"widget\" data-e-type=\"widget\" data-widget_type=\"image.default\"> \t\t\t\t\t\t\t\t\t\t\t\t\t\t\t<img decoding=\"async\" width=\"720\" height=\"540\" src=\"https:\/\/www.peanut-butter-machine.com\/wp-content\/uploads\/2021\/08\/Cocoa-Paste-Production-Line.webp\" class=\"attachment-large size-large wp-image-11751\" alt=\"Erdnussbutter Produktionslinie\" srcset=\"https:\/\/www.peanut-butter-machine.com\/wp-content\/uploads\/2021\/08\/Cocoa-Paste-Production-Line.webp 720w, https:\/\/www.peanut-butter-machine.com\/wp-content\/uploads\/2021\/08\/Cocoa-Paste-Production-Line-300x225.webp 300w, https:\/\/www.peanut-butter-machine.com\/wp-content\/uploads\/2021\/08\/Cocoa-Paste-Production-Line-16x12.webp 16w\" sizes=\"(max-width: 720px) 100vw, 720px\" \/>\t\t\t\t\t\t\t\t\t\t\t\t\t\t\t<\/div> \t\t\t\t<\/div> \t\t\t\t\t<\/div> \t\t\t\t<\/div> \t\t<div class=\"elementor-element elementor-element-b1c4f1b e-flex e-con-boxed e-con e-parent\" data-id=\"b1c4f1b\" data-element_type=\"container\" data-e-type=\"container\"> \t\t\t\t\t<div class=\"e-con-inner\"> \t\t\t\t<div class=\"elementor-element elementor-element-f967477 elementor-widget elementor-widget-text-editor\" data-id=\"f967477\" data-element_type=\"widget\" data-e-type=\"widget\" data-widget_type=\"text-editor.default\"> \t\t\t\t\t\t\t\t\t<h2>Anpassungsdienste<\/h2><p>Wir verstehen, dass verschiedene Kunden unterschiedliche Produktionskapazit\u00e4ten, Rohstoffarten und Fabrikbedingungen haben. Daher bieten wir ma\u00dfgeschneiderte L\u00f6sungen, die auf Ihre Bed\u00fcrfnisse zugeschnitten sind. Unser Team wird mit Ihnen kommunizieren, um die geeignetste Maschine oder die komplette Produktionslinie zu entwerfen, damit Sie die Effizienz steigern, Kosten senken und eine standardisierte Produktion erreichen k\u00f6nnen.<\/p>\t\t\t\t\t\t\t\t<\/div> \t\t\t\t\t<\/div> \t\t\t\t<\/div> \t\t<div class=\"elementor-element elementor-element-7709bfa e-flex e-con-boxed e-con e-parent\" data-id=\"7709bfa\" data-element_type=\"container\" data-e-type=\"container\"> \t\t\t\t\t<div class=\"e-con-inner\"> \t\t<div class=\"elementor-element elementor-element-56d7b83 e-con-full e-flex e-con e-child\" data-id=\"56d7b83\" data-element_type=\"container\" data-e-type=\"container\"> \t\t\t\t<div class=\"elementor-element elementor-element-36a6750 elementor-widget elementor-widget-image\" data-id=\"36a6750\" data-element_type=\"widget\" data-e-type=\"widget\" data-widget_type=\"image.default\"> \t\t\t\t\t\t\t\t\t\t\t\t\t\t\t<img decoding=\"async\" width=\"720\" height=\"540\" src=\"https:\/\/www.peanut-butter-machine.com\/wp-content\/uploads\/2021\/09\/Automatic-peanut-brittle-machine-1.webp\" class=\"attachment-large size-large wp-image-12034\" alt=\"Automatische Erdnussrissmaschine\" srcset=\"https:\/\/www.peanut-butter-machine.com\/wp-content\/uploads\/2021\/09\/Automatic-peanut-brittle-machine-1.webp 720w, https:\/\/www.peanut-butter-machine.com\/wp-content\/uploads\/2021\/09\/Automatic-peanut-brittle-machine-1-300x225.webp 300w, https:\/\/www.peanut-butter-machine.com\/wp-content\/uploads\/2021\/09\/Automatic-peanut-brittle-machine-1-16x12.webp 16w\" sizes=\"(max-width: 720px) 100vw, 720px\" \/>\t\t\t\t\t\t\t\t\t\t\t\t\t\t\t<\/div> \t\t\t\t<\/div> \t\t<div class=\"elementor-element elementor-element-09f5dc1 e-con-full e-flex e-con e-child\" data-id=\"09f5dc1\" data-element_type=\"container\" data-e-type=\"container\"> \t\t\t\t<div class=\"elementor-element elementor-element-1bfeeb4 elementor-widget elementor-widget-image\" data-id=\"1bfeeb4\" data-element_type=\"widget\" data-e-type=\"widget\" data-widget_type=\"image.default\"> \t\t\t\t\t\t\t\t\t\t\t\t\t\t\t<img loading=\"lazy\" decoding=\"async\" width=\"720\" height=\"540\" src=\"https:\/\/www.peanut-butter-machine.com\/wp-content\/uploads\/2021\/09\/peanut-candy-production-line.webp\" class=\"attachment-large size-large wp-image-12035\" alt=\"Produktionslinie f\u00fcr Erdnusskonfekt\" srcset=\"https:\/\/www.peanut-butter-machine.com\/wp-content\/uploads\/2021\/09\/peanut-candy-production-line.webp 720w, https:\/\/www.peanut-butter-machine.com\/wp-content\/uploads\/2021\/09\/peanut-candy-production-line-300x225.webp 300w, https:\/\/www.peanut-butter-machine.com\/wp-content\/uploads\/2021\/09\/peanut-candy-production-line-16x12.webp 16w\" sizes=\"(max-width: 720px) 100vw, 720px\" \/>\t\t\t\t\t\t\t\t\t\t\t\t\t\t\t<\/div> \t\t\t\t<\/div> \t\t\t\t\t<\/div> \t\t\t\t<\/div> \t\t<div class=\"elementor-element elementor-element-c9849d2 e-flex e-con-boxed e-con e-parent\" data-id=\"c9849d2\" data-element_type=\"container\" data-e-type=\"container\"> \t\t\t\t\t<div class=\"e-con-inner\"> \t\t\t\t<div class=\"elementor-element elementor-element-ff41570 elementor-widget elementor-widget-text-editor\" data-id=\"ff41570\" data-element_type=\"widget\" data-e-type=\"widget\" data-widget_type=\"text-editor.default\"> \t\t\t\t\t\t\t\t\t<h2>Qualit\u00e4tssicherung<\/h2><p>Qualit\u00e4t hat bei uns oberste Priorit\u00e4t. Wir setzen strenge Qualit\u00e4tskontrollen bei der Materialauswahl, Verarbeitung, Montage, Pr\u00fcfung und Lieferung um. Jede Maschine wird vor dem Versand inspiziert und getestet, um eine stabile Leistung, Sicherheit und eine lange Lebensdauer zu gew\u00e4hrleisten. Wir besitzen auch internationale Zertifizierungen wie CE, um unseren Kunden sichere und zuverl\u00e4ssige Ger\u00e4te zu bieten.<\/p>\t\t\t\t\t\t\t\t<\/div> \t\t\t\t\t<\/div> \t\t\t\t<\/div> \t\t<div class=\"elementor-element elementor-element-8ffb62b e-flex e-con-boxed e-con e-parent\" data-id=\"8ffb62b\" data-element_type=\"container\" data-e-type=\"container\"> \t\t\t\t\t<div class=\"e-con-inner\"> \t\t<div class=\"elementor-element elementor-element-db5f0b6 e-con-full e-flex e-con e-child\" data-id=\"db5f0b6\" data-element_type=\"container\" data-e-type=\"container\"> \t\t\t\t<div class=\"elementor-element elementor-element-e276863 elementor-widget elementor-widget-image\" data-id=\"e276863\" data-element_type=\"widget\" data-e-type=\"widget\" data-widget_type=\"image.default\"> \t\t\t\t\t\t\t\t\t\t\t\t\t\t\t<img loading=\"lazy\" decoding=\"async\" width=\"720\" height=\"540\" src=\"https:\/\/www.peanut-butter-machine.com\/wp-content\/uploads\/2026\/03\/peanut-butter-filling-equipment.webp\" class=\"attachment-large size-large wp-image-12247\" alt=\"Erdnussbutter-Abf\u00fcllger\u00e4te\" srcset=\"https:\/\/www.peanut-butter-machine.com\/wp-content\/uploads\/2026\/03\/peanut-butter-filling-equipment.webp 720w, https:\/\/www.peanut-butter-machine.com\/wp-content\/uploads\/2026\/03\/peanut-butter-filling-equipment-300x225.webp 300w, https:\/\/www.peanut-butter-machine.com\/wp-content\/uploads\/2026\/03\/peanut-butter-filling-equipment-16x12.webp 16w\" sizes=\"(max-width: 720px) 100vw, 720px\" \/>\t\t\t\t\t\t\t\t\t\t\t\t\t\t\t<\/div> \t\t\t\t<\/div> \t\t<div class=\"elementor-element elementor-element-a893855 e-con-full e-flex e-con e-child\" data-id=\"a893855\" data-element_type=\"container\" data-e-type=\"container\"> \t\t\t\t<div class=\"elementor-element elementor-element-3d3efb3 elementor-widget elementor-widget-image\" data-id=\"3d3efb3\" data-element_type=\"widget\" data-e-type=\"widget\" data-widget_type=\"image.default\"> \t\t\t\t\t\t\t\t\t\t\t\t\t\t\t<img loading=\"lazy\" decoding=\"async\" width=\"720\" height=\"540\" src=\"https:\/\/www.peanut-butter-machine.com\/wp-content\/uploads\/2026\/02\/Almond-Sorting-Machine.webp\" class=\"attachment-large size-large wp-image-12225\" alt=\"Mandel-Sortiermaschine\" srcset=\"https:\/\/www.peanut-butter-machine.com\/wp-content\/uploads\/2026\/02\/Almond-Sorting-Machine.webp 720w, https:\/\/www.peanut-butter-machine.com\/wp-content\/uploads\/2026\/02\/Almond-Sorting-Machine-300x225.webp 300w, https:\/\/www.peanut-butter-machine.com\/wp-content\/uploads\/2026\/02\/Almond-Sorting-Machine-16x12.webp 16w\" sizes=\"(max-width: 720px) 100vw, 720px\" \/>\t\t\t\t\t\t\t\t\t\t\t\t\t\t\t<\/div> \t\t\t\t<\/div> \t\t\t\t\t<\/div> \t\t\t\t<\/div> \t\t<div class=\"elementor-element elementor-element-2ad4879 e-flex e-con-boxed e-con e-parent\" data-id=\"2ad4879\" data-element_type=\"container\" data-e-type=\"container\"> \t\t\t\t\t<div class=\"e-con-inner\"> \t\t\t\t<div class=\"elementor-element elementor-element-8e59ff1 elementor-widget elementor-widget-text-editor\" data-id=\"8e59ff1\" data-element_type=\"widget\" data-e-type=\"widget\" data-widget_type=\"text-editor.default\"> \t\t\t\t\t\t\t\t\t<h2>Kundenunterst\u00fctzung<\/h2><p>Wir verpflichten uns, umfassende und professionelle Kundenunterst\u00fctzung zu bieten. Unser Serviceteam steht Ihnen 24 Stunden am Tag zur Verf\u00fcgung, um Anfragen zu beantworten, technische Unterst\u00fctzung zu bieten und zeitnahe After-Sales-L\u00f6sungen bereitzustellen. Wir unterst\u00fctzen Online-Videoanleitungen, Vor-Ort-Installation, Inbetriebnahme und Schulung der Bediener, um sicherzustellen, dass Ihre Produktion reibungslos l\u00e4uft.<\/p>\t\t\t\t\t\t\t\t<\/div> \t\t\t\t\t<\/div> \t\t\t\t<\/div> \t\t<div class=\"elementor-element elementor-element-67f5c23 e-flex e-con-boxed e-con e-parent\" data-id=\"67f5c23\" data-element_type=\"container\" data-e-type=\"container\"> \t\t\t\t\t<div class=\"e-con-inner\"> \t\t<div class=\"elementor-element elementor-element-9beb5a9 e-con-full e-flex e-con e-child\" data-id=\"9beb5a9\" data-element_type=\"container\" data-e-type=\"container\"> \t\t\t\t<div class=\"elementor-element elementor-element-d759293 elementor-widget elementor-widget-image\" data-id=\"d759293\" data-element_type=\"widget\" data-e-type=\"widget\" data-widget_type=\"image.default\"> \t\t\t\t\t\t\t\t\t\t\t\t\t\t\t<img loading=\"lazy\" decoding=\"async\" width=\"720\" height=\"540\" src=\"https:\/\/www.peanut-butter-machine.com\/wp-content\/uploads\/2026\/04\/Sierra-Leone-Client-Visit.webp\" class=\"attachment-large size-large wp-image-12276\" alt=\"Sierra Leone Kundenbesuch\" srcset=\"https:\/\/www.peanut-butter-machine.com\/wp-content\/uploads\/2026\/04\/Sierra-Leone-Client-Visit.webp 720w, https:\/\/www.peanut-butter-machine.com\/wp-content\/uploads\/2026\/04\/Sierra-Leone-Client-Visit-300x225.webp 300w, https:\/\/www.peanut-butter-machine.com\/wp-content\/uploads\/2026\/04\/Sierra-Leone-Client-Visit-16x12.webp 16w\" sizes=\"(max-width: 720px) 100vw, 720px\" \/>\t\t\t\t\t\t\t\t\t\t\t\t\t\t\t<\/div> \t\t\t\t<\/div> \t\t<div class=\"elementor-element elementor-element-5380f63 e-con-full e-flex e-con e-child\" data-id=\"5380f63\" data-element_type=\"container\" data-e-type=\"container\"> \t\t\t\t<div class=\"elementor-element elementor-element-8866994 elementor-widget elementor-widget-image\" data-id=\"8866994\" data-element_type=\"widget\" data-e-type=\"widget\" data-widget_type=\"image.default\"> \t\t\t\t\t\t\t\t\t\t\t\t\t\t\t<img loading=\"lazy\" decoding=\"async\" width=\"720\" height=\"540\" src=\"https:\/\/www.peanut-butter-machine.com\/wp-content\/uploads\/2026\/04\/Russia-Feed-Production-Line.webp\" class=\"attachment-large size-large wp-image-12290\" alt=\"Russland F\u00fctterungsproduktionslinie\" srcset=\"https:\/\/www.peanut-butter-machine.com\/wp-content\/uploads\/2026\/04\/Russia-Feed-Production-Line.webp 720w, https:\/\/www.peanut-butter-machine.com\/wp-content\/uploads\/2026\/04\/Russia-Feed-Production-Line-300x225.webp 300w, https:\/\/www.peanut-butter-machine.com\/wp-content\/uploads\/2026\/04\/Russia-Feed-Production-Line-16x12.webp 16w\" sizes=\"(max-width: 720px) 100vw, 720px\" \/>\t\t\t\t\t\t\t\t\t\t\t\t\t\t\t<\/div> \t\t\t\t<\/div> \t\t\t\t\t<\/div> \t\t\t\t<\/div> \t\t<div class=\"elementor-element elementor-element-a110638 e-flex e-con-boxed e-con e-parent\" data-id=\"a110638\" data-element_type=\"container\" data-e-type=\"container\"> \t\t\t\t\t<div class=\"e-con-inner\"> \t\t\t\t<div class=\"elementor-element elementor-element-0411f3e elementor-widget elementor-widget-text-editor\" data-id=\"0411f3e\" data-element_type=\"widget\" data-e-type=\"widget\" data-widget_type=\"text-editor.default\"> \t\t\t\t\t\t\t\t\t<h2>Warum Taizy w\u00e4hlen?<\/h2><p>Wenn es um Erdnussbuttermaschinen und Nussverarbeitungsger\u00e4te geht, w\u00e4hlen Sie Taizy Machinery als Ihren zuverl\u00e4ssigen Partner. Mit unserer professionellen Technologie, einer kompletten Produktlinie, einem Anpassungsservice, strenger Qualit\u00e4tssicherung und durchdachter Kundenunterst\u00fctzung sind wir bereit, Ihnen zu helfen, die Produktionseffizienz zu steigern und die Gesch\u00e4ftsvorteile zu maximieren.<\/p><p>Kontaktieren Sie uns noch heute, um Ihre Anforderungen an die Erdnussbutter- und Nussverarbeitung zu besprechen, und lassen Sie uns Ihnen die am besten geeignete L\u00f6sung anbieten.<\/p>\t\t\t\t\t\t\t\t<\/div> \t\t\t\t\t<\/div> \t\t\t\t<\/div> \t\t<div class=\"elementor-element elementor-element-2a652aa e-flex e-con-boxed e-con e-parent\" data-id=\"2a652aa\" data-element_type=\"container\" data-e-type=\"container\"> \t\t\t\t\t<div class=\"e-con-inner\"> \t\t<div class=\"elementor-element elementor-element-bbacf12 e-con-full e-flex e-con e-child\" data-id=\"bbacf12\" data-element_type=\"container\" data-e-type=\"container\"> \t\t\t\t<div class=\"elementor-element elementor-element-01df23a elementor-widget elementor-widget-image\" data-id=\"01df23a\" data-element_type=\"widget\" data-e-type=\"widget\" data-widget_type=\"image.default\"> \t\t\t\t\t\t\t\t\t\t\t\t\t\t\t<img loading=\"lazy\" decoding=\"async\" width=\"720\" height=\"540\" src=\"https:\/\/www.peanut-butter-machine.com\/wp-content\/uploads\/2026\/04\/Zimbabwe-Machine-Container-Loading.webp\" class=\"attachment-large size-large wp-image-12282\" alt=\"Zimbabwe Maschinencontainerladung\" srcset=\"https:\/\/www.peanut-butter-machine.com\/wp-content\/uploads\/2026\/04\/Zimbabwe-Machine-Container-Loading.webp 720w, https:\/\/www.peanut-butter-machine.com\/wp-content\/uploads\/2026\/04\/Zimbabwe-Machine-Container-Loading-300x225.webp 300w, https:\/\/www.peanut-butter-machine.com\/wp-content\/uploads\/2026\/04\/Zimbabwe-Machine-Container-Loading-16x12.webp 16w\" sizes=\"(max-width: 720px) 100vw, 720px\" \/>\t\t\t\t\t\t\t\t\t\t\t\t\t\t\t<\/div> \t\t\t\t<\/div> \t\t<div class=\"elementor-element elementor-element-350a16c e-con-full e-flex e-con e-child\" data-id=\"350a16c\" data-element_type=\"container\" data-e-type=\"container\"> \t\t\t\t<div class=\"elementor-element elementor-element-209bbbf elementor-widget elementor-widget-image\" data-id=\"209bbbf\" data-element_type=\"widget\" data-e-type=\"widget\" data-widget_type=\"image.default\"> \t\t\t\t\t\t\t\t\t\t\t\t\t\t\t<img loading=\"lazy\" decoding=\"async\" width=\"720\" height=\"540\" src=\"https:\/\/www.peanut-butter-machine.com\/wp-content\/uploads\/2026\/04\/South-Africa-Charcoal-Machine.webp\" class=\"attachment-large size-large wp-image-12277\" alt=\"S\u00fcdafrika Holzkohlemaschine\" srcset=\"https:\/\/www.peanut-butter-machine.com\/wp-content\/uploads\/2026\/04\/South-Africa-Charcoal-Machine.webp 720w, https:\/\/www.peanut-butter-machine.com\/wp-content\/uploads\/2026\/04\/South-Africa-Charcoal-Machine-300x225.webp 300w, https:\/\/www.peanut-butter-machine.com\/wp-content\/uploads\/2026\/04\/South-Africa-Charcoal-Machine-16x12.webp 16w\" sizes=\"(max-width: 720px) 100vw, 720px\" \/>\t\t\t\t\t\t\t\t\t\t\t\t\t\t\t<\/div> \t\t\t\t<\/div> \t\t\t\t\t<\/div> \t\t\t\t<\/div> \t\t\t\t<\/div>","protected":false},"excerpt":{"rendered":"<p>Our Company Location Zhengzhou Taizy Machinery Co., Ltd. is a well-known enterprise that integrates scientific research, development, design, manufacturing, and sales. It is located in the Zhengzhou Economic and Technological Development Zone, a commercial and economic center, and mainly engages in the import and export of mechanical equipment. It is empowered by more than 300 [&hellip;]<\/p>\n","protected":false},"author":1,"featured_media":0,"parent":0,"menu_order":0,"comment_status":"open","ping_status":"open","template":"elementor_header_footer","meta":{"footnotes":""},"class_list":["post-2","page","type-page","status-publish","hentry"],"_links":{"self":[{"href":"https:\/\/www.peanut-butter-machine.com\/de\/wp-json\/wp\/v2\/pages\/2","targetHints":{"allow":["GET"]}}],"collection":[{"href":"https:\/\/www.peanut-butter-machine.com\/de\/wp-json\/wp\/v2\/pages"}],"about":[{"href":"https:\/\/www.peanut-butter-machine.com\/de\/wp-json\/wp\/v2\/types\/page"}],"author":[{"embeddable":true,"href":"https:\/\/www.peanut-butter-machine.com\/de\/wp-json\/wp\/v2\/users\/1"}],"replies":[{"embeddable":true,"href":"https:\/\/www.peanut-butter-machine.com\/de\/wp-json\/wp\/v2\/comments?post=2"}],"version-history":[{"count":12,"href":"https:\/\/www.peanut-butter-machine.com\/de\/wp-json\/wp\/v2\/pages\/2\/revisions"}],"predecessor-version":[{"id":12296,"href":"https:\/\/www.peanut-butter-machine.com\/de\/wp-json\/wp\/v2\/pages\/2\/revisions\/12296"}],"wp:attachment":[{"href":"https:\/\/www.peanut-butter-machine.com\/de\/wp-json\/wp\/v2\/media?parent=2"}],"curies":[{"name":"wp","href":"https:\/\/api.w.org\/{rel}","templated":true}]}}